{"id":3,"date":"2024-05-29T16:19:28","date_gmt":"2024-05-29T16:19:28","guid":{"rendered":"https:\/\/segafredo.hdonline.pt\/?page_id=3"},"modified":"2025-01-10T17:54:03","modified_gmt":"2025-01-10T17:54:03","slug":"politica-de-privacidade","status":"publish","type":"page","link":"https:\/\/segafredo.es\/en\/politica-de-privacidade\/","title":{"rendered":"Privacy Policy"},"content":{"rendered":"<div data-elementor-type=\"wp-page\" data-elementor-id=\"3\" class=\"elementor elementor-3\" data-elementor-post-type=\"page\">\n\t\t\t\t\t\t<section class=\"elementor-section elementor-top-section elementor-element elementor-element-44b6f6e1 elementor-section-boxed elementor-section-height-default elementor-section-height-default\" data-id=\"44b6f6e1\" data-element_type=\"section\">\n\t\t\t\t\t\t<div class=\"elementor-container elementor-column-gap-default\">\n\t\t\t\t\t<div class=\"elementor-column elementor-col-100 elementor-top-column elementor-element elementor-element-fb3dd2a\" data-id=\"fb3dd2a\" data-element_type=\"column\">\n\t\t\t<div class=\"elementor-widget-wrap elementor-element-populated\">\n\t\t\t\t\t\t<div class=\"elementor-element elementor-element-9dbee82 elementor-widget elementor-widget-heading\" data-id=\"9dbee82\" data-element_type=\"widget\" data-widget_type=\"heading.default\">\n\t\t\t\t<div class=\"elementor-widget-container\">\n\t\t\t\t\t<h2 class=\"elementor-heading-title elementor-size-default\">Pol\u00edtica de Privacidade<\/h2>\t\t\t\t<\/div>\n\t\t\t\t<\/div>\n\t\t\t\t<div class=\"elementor-element elementor-element-4095e33e elementor-widget elementor-widget-text-editor\" data-id=\"4095e33e\" data-element_type=\"widget\" data-widget_type=\"text-editor.default\">\n\t\t\t\t<div class=\"elementor-widget-container\">\n\t\t\t\t\t\t\t\t\t<p><strong>1. Pol\u00edtica de privacidad<\/strong><\/p><p>El uso de este sitio web est\u00e1 sujeto a la presente Pol\u00edtica de Privacidad, debiendo el Usuario releer los respectivos t\u00e9rminos cada vez que lo utilice a fin de verificar si est\u00e1 de acuerdo con ella.<\/p><p>\u00a0<\/p><p><strong>2. Datos personales<\/strong><\/p><p>Massimo Zanetti Beverage Iberia SA garantiza el respeto a la privacidad de sus Usuarios.<\/p><p>Massimo Zanetti Beverage Iberia SA recoge sus datos v\u00eda telef\u00f3nica, por escrito o a trav\u00e9s de su sitio web, con su consentimiento expreso. Por regla general, los datos personales se recogen cuando el Usuario se suscribe a uno de nuestros productos o servicios.<\/p><p>Algunos datos personales son obligatorios y, en caso de que dichos datos no sean necesarios o sean insuficientes, Massimo Zanetti Beverage Iberia SA no podr\u00e1 proporcionar el producto o servicio de que se trate, por lo que Massimo Zanetti Beverage Iberia SA informar\u00e1 a los Usuarios del car\u00e1cter obligatorio de proporcionarlos. dichos datos. datos.<\/p><p>Massimo Zanetti Beverage Iberia SA recoge y trata datos personales necesarios para la prestaci\u00f3n de servicios y\/o suministro de productos, tratando datos como nombre, direcci\u00f3n, n\u00famero de tel\u00e9fono o m\u00f3vil y direcci\u00f3n de correo electr\u00f3nico. electr\u00f3nico.<\/p><p>De acuerdo con la legislaci\u00f3n vigente en materia de protecci\u00f3n de datos personales, los datos recogidos por Massimo Zanetti Beverage Iberia SA ser\u00e1n tratados y almacenados electr\u00f3nicamente.<\/p><p>Los datos personales que nos facilite ser\u00e1n conservados en un fichero de Massimo Zanetti Beverage Iberia SA, empresa responsable del tratamiento de los mismos, con las siguientes finalidades:<\/p><p>el. Celebraci\u00f3n y ejecuci\u00f3n del contrato relativo a los productos seleccionados por el usuario;<br \/>b. Satisfacer las solicitudes de los usuarios;<br \/>o. Proporcionar al usuario informaci\u00f3n sobre los productos de Massimo Zanetti Beverage Iberia SA, enviando comunicaciones comerciales por correo electr\u00f3nico o cualquier otro medio electr\u00f3nico autom\u00e1tico equivalente (como SMS, MMS o cualquier otro servicio de comunicaciones electr\u00f3nicas), as\u00ed como mediante contacto telef\u00f3nico, salvo que el Usuario se oponga. cuando se recogieron los datos;<br \/>d.Acciones de informaci\u00f3n y marketing.<\/p><p>El usuario podr\u00e1 modificar sus preferencias respecto al env\u00edo de dichas comunicaciones comerciales enviando un correo electr\u00f3nico a marketing@mzbi.pt as\u00ed como indicando su oposici\u00f3n.<\/p><p>\u00a0<\/p><p><strong>3. Usuario<\/strong><\/p><p>El Usuario garantiza que los datos personales facilitados son ciertos y exactos, y se hace responsable de comunicar cualquier modificaci\u00f3n de los mismos. Cualquier p\u00e9rdida o da\u00f1o causado a este sitio web o al responsable del mismo o a terceros como consecuencia de informaci\u00f3n err\u00f3nea, inexacta o incompleta en los formularios de registro ser\u00e1 responsabilidad exclusiva del Usuario.<\/p><p>\u00a0<\/p><p><strong>4. Confidencialidad<\/strong><\/p><p>Massimo Zanetti Beverage Iberia SA, con sede en Rua das Fontainhas, 74 &#8211; Venda Nova, 2700-391 Amadora, se compromete a mantener la confidencialidad de los datos personales del usuario y a garantizar el ejercicio del derecho de acceso, rectificaci\u00f3n, cancelaci\u00f3n y oposici\u00f3n mediante el env\u00edo una carta a la direcci\u00f3n indicada anteriormente.<\/p><p>\u00a0<\/p><p><strong>5. Subcontratistas y transferencia de datos personales<\/strong><\/p><p>Los datos personales, incluidos datos de tr\u00e1fico, bases de datos y otras operaciones, podr\u00e1n ser alojados, compartidos y comunicados a otras empresas del Grupo Massimo Zanetti Beverage Iberia SA, en los t\u00e9rminos y condiciones legalmente definidos.<\/p><p>Massimo Zanetti Beverage Iberia SA tambi\u00e9n podr\u00e1 recurrir a subcontratistas para la totalidad o parte de las finalidades indicadas anteriormente, as\u00ed como para el mantenimiento, alojamiento y gesti\u00f3n de sus sistemas y equipos inform\u00e1ticos, en los t\u00e9rminos permitidos por la legislaci\u00f3n reguladora del tratamiento de datos personales. , estando estas entidades obligadas a mantener la confidencialidad y garantizar la seguridad en relaci\u00f3n con los datos de los Clientes de Massimo Zanetti Beverage Iberia SA a los que tengan acceso, y no deber\u00e1n utilizar dichos datos para ning\u00fan otro fin, ni en beneficio propio, ni relacionarlos con A ellos con otros datos que tengan.<\/p><p>En los casos en que los datos del Usuario sean transferidos o alojados en otras empresas del Grupo Massimo Zanetti Beverage Iberia SA, los niveles de seguridad y protecci\u00f3n no ser\u00e1n inferiores a los proporcionados por Massimo Zanetti Beverage Iberia SA.<\/p><p>\u00a0<\/p><p><strong>6. Comunicaciones de Datos Personales<\/strong><\/p><p>Massimo Zanetti Beverage Iberia SA se compromete a no facilitar la informaci\u00f3n personal de los Usuarios a entidades externas. Massimo Zanetti Beverage Iberia SA s\u00f3lo compartir\u00e1 sus datos personales con su consentimiento o si as\u00ed lo exige la ley, en los siguientes casos:<\/p><p>\u00b7 Con socios para que puedan asignar las ventajas y beneficios asociados a sus respectivas campa\u00f1as y promociones;<br \/>\u00b7 Cuando as\u00ed lo requiera la ley, a las autoridades judiciales competentes.<\/p><p>Todo tratamiento de datos personales se realizar\u00e1 de conformidad con la legislaci\u00f3n aplicable.<\/p><p>\u00a0<\/p><p><strong>7. Retenci\u00f3n de datos<\/strong><\/p><p>Sus datos personales se almacenar\u00e1n y mantendr\u00e1n \u00fanicamente durante el per\u00edodo m\u00ednimo necesario para los fines<\/p><p>que motivaron su recolecci\u00f3n o tratamiento posterior o, durante el per\u00edodo de tiempo autorizado por la Comisi\u00f3n Nacional de Protecci\u00f3n de Datos, transcurrido el cual ser\u00e1n eliminados.<\/p><p>\u00a0<\/p><p><strong>8. Derecho de acceso, rectificaci\u00f3n, oposici\u00f3n y supresi\u00f3n<\/strong><\/p><p>De acuerdo con la legislaci\u00f3n portuguesa aplicable, el Usuario tiene derecho a acceder a sus datos personales, pudiendo solicitar su correcci\u00f3n o adici\u00f3n, dirigi\u00e9ndose por escrito a la sede en Rua das Fontainhas, 74 &#8211; Venda Nova, 2700-391 Amadora, o a trav\u00e9s de la direcci\u00f3n de correo electr\u00f3nico marketing@mzbi.br.<\/p><p>El Usuario tambi\u00e9n podr\u00e1, en cualquier momento, oponerse al tratamiento de sus datos, a excepci\u00f3n de los datos estrictamente necesarios para la prestaci\u00f3n del servicio, y\/o solicitar la supresi\u00f3n de sus datos para fines de marketing, dirigi\u00e9ndose a Massimo Zanetti Beverage Iberia SA , por escrito a la sede de la empresa en Rua das Fontainhas, 74 &#8211; Venda Nova, 2700-391 Amadora, o por correo electr\u00f3nico a marketing@mzbi.pt.<\/p>\t\t\t\t\t\t\t\t<\/div>\n\t\t\t\t<\/div>\n\t\t\t\t\t<\/div>\n\t\t<\/div>\n\t\t\t\t\t<\/div>\n\t\t<\/section>\n\t\t\t\t<\/div>","protected":false},"excerpt":{"rendered":"<p>Pol\u00edtica de Privacidade 1. Pol\u00edtica de privacidad El uso de este sitio web est\u00e1 sujeto a la presente Pol\u00edtica de Privacidad, debiendo el Usuario releer los respectivos t\u00e9rminos cada vez que lo utilice a fin de verificar si est\u00e1 de acuerdo con ella. \u00a0 2. Datos personales Massimo Zanetti Beverage Iberia SA garantiza el respeto [&hellip;]<\/p>","protected":false},"author":1,"featured_media":0,"parent":0,"menu_order":0,"comment_status":"closed","ping_status":"closed","template":"","meta":{"footnotes":""},"class_list":["post-3","page","type-page","status-publish","hentry"],"yoast_head":"<!-- This site is optimized with the Yoast SEO plugin v26.7 - https:\/\/yoast.com\/wordpress\/plugins\/seo\/ -->\n<title>Politica de Privacidade - Segafredo<\/title>\n<meta name=\"robots\" content=\"index, follow, max-snippet:-1, max-image-preview:large, max-video-preview:-1\" \/>\n<link rel=\"canonical\" href=\"https:\/\/segafredo.es\/en\/politica-de-privacidade\/\" \/>\n<meta property=\"og:locale\" content=\"en_GB\" \/>\n<meta property=\"og:type\" content=\"article\" \/>\n<meta property=\"og:title\" content=\"Politica de Privacidade - Segafredo\" \/>\n<meta property=\"og:description\" content=\"Pol\u00edtica de Privacidade 1. Pol\u00edtica de privacidad El uso de este sitio web est\u00e1 sujeto a la presente Pol\u00edtica de Privacidad, debiendo el Usuario releer los respectivos t\u00e9rminos cada vez que lo utilice a fin de verificar si est\u00e1 de acuerdo con ella. \u00a0 2. Datos personales Massimo Zanetti Beverage Iberia SA garantiza el respeto [&hellip;]\" \/>\n<meta property=\"og:url\" content=\"https:\/\/segafredo.es\/en\/politica-de-privacidade\/\" \/>\n<meta property=\"og:site_name\" content=\"Segafredo\" \/>\n<meta property=\"article:modified_time\" content=\"2025-01-10T17:54:03+00:00\" \/>\n<meta name=\"twitter:card\" content=\"summary_large_image\" \/>\n<meta name=\"twitter:label1\" content=\"Estimated reading time\" \/>\n\t<meta name=\"twitter:data1\" content=\"5 minutes\" \/>\n<script type=\"application\/ld+json\" class=\"yoast-schema-graph\">{\"@context\":\"https:\/\/schema.org\",\"@graph\":[{\"@type\":\"WebPage\",\"@id\":\"https:\/\/segafredo.es\/en\/politica-de-privacidade\/\",\"url\":\"https:\/\/segafredo.es\/en\/politica-de-privacidade\/\",\"name\":\"Politica de Privacidade - Segafredo\",\"isPartOf\":{\"@id\":\"https:\/\/segafredo.es\/en\/#website\"},\"datePublished\":\"2024-05-29T16:19:28+00:00\",\"dateModified\":\"2025-01-10T17:54:03+00:00\",\"breadcrumb\":{\"@id\":\"https:\/\/segafredo.es\/en\/politica-de-privacidade\/#breadcrumb\"},\"inLanguage\":\"en-GB\",\"potentialAction\":[{\"@type\":\"ReadAction\",\"target\":[\"https:\/\/segafredo.es\/en\/politica-de-privacidade\/\"]}]},{\"@type\":\"BreadcrumbList\",\"@id\":\"https:\/\/segafredo.es\/en\/politica-de-privacidade\/#breadcrumb\",\"itemListElement\":[{\"@type\":\"ListItem\",\"position\":1,\"name\":\"Home\",\"item\":\"https:\/\/segafredo.es\/en\/\"},{\"@type\":\"ListItem\",\"position\":2,\"name\":\"Politica de Privacidade\"}]},{\"@type\":\"WebSite\",\"@id\":\"https:\/\/segafredo.es\/en\/#website\",\"url\":\"https:\/\/segafredo.es\/en\/\",\"name\":\"Segafredo\",\"description\":\"\",\"publisher\":{\"@id\":\"https:\/\/segafredo.es\/en\/#organization\"},\"potentialAction\":[{\"@type\":\"SearchAction\",\"target\":{\"@type\":\"EntryPoint\",\"urlTemplate\":\"https:\/\/segafredo.es\/en\/?s={search_term_string}\"},\"query-input\":{\"@type\":\"PropertyValueSpecification\",\"valueRequired\":true,\"valueName\":\"search_term_string\"}}],\"inLanguage\":\"en-GB\"},{\"@type\":\"Organization\",\"@id\":\"https:\/\/segafredo.es\/en\/#organization\",\"name\":\"Segafredo\",\"url\":\"https:\/\/segafredo.es\/en\/\",\"logo\":{\"@type\":\"ImageObject\",\"inLanguage\":\"en-GB\",\"@id\":\"https:\/\/segafredo.es\/en\/#\/schema\/logo\/image\/\",\"url\":\"https:\/\/segafredo.es\/wp-content\/uploads\/2024\/05\/loudzap-logo-1603185532.png\",\"contentUrl\":\"https:\/\/segafredo.es\/wp-content\/uploads\/2024\/05\/loudzap-logo-1603185532.png\",\"width\":340,\"height\":176,\"caption\":\"Segafredo\"},\"image\":{\"@id\":\"https:\/\/segafredo.es\/en\/#\/schema\/logo\/image\/\"}}]}<\/script>\n<!-- \/ Yoast SEO plugin. -->","yoast_head_json":{"title":"Politica de Privacidade - Segafredo","robots":{"index":"index","follow":"follow","max-snippet":"max-snippet:-1","max-image-preview":"max-image-preview:large","max-video-preview":"max-video-preview:-1"},"canonical":"https:\/\/segafredo.es\/en\/politica-de-privacidade\/","og_locale":"en_GB","og_type":"article","og_title":"Politica de Privacidade - Segafredo","og_description":"Pol\u00edtica de Privacidade 1. Pol\u00edtica de privacidad El uso de este sitio web est\u00e1 sujeto a la presente Pol\u00edtica de Privacidad, debiendo el Usuario releer los respectivos t\u00e9rminos cada vez que lo utilice a fin de verificar si est\u00e1 de acuerdo con ella. \u00a0 2. Datos personales Massimo Zanetti Beverage Iberia SA garantiza el respeto [&hellip;]","og_url":"https:\/\/segafredo.es\/en\/politica-de-privacidade\/","og_site_name":"Segafredo","article_modified_time":"2025-01-10T17:54:03+00:00","twitter_card":"summary_large_image","twitter_misc":{"Estimated reading time":"5 minutes"},"schema":{"@context":"https:\/\/schema.org","@graph":[{"@type":"WebPage","@id":"https:\/\/segafredo.es\/en\/politica-de-privacidade\/","url":"https:\/\/segafredo.es\/en\/politica-de-privacidade\/","name":"Politica de Privacidade - Segafredo","isPartOf":{"@id":"https:\/\/segafredo.es\/en\/#website"},"datePublished":"2024-05-29T16:19:28+00:00","dateModified":"2025-01-10T17:54:03+00:00","breadcrumb":{"@id":"https:\/\/segafredo.es\/en\/politica-de-privacidade\/#breadcrumb"},"inLanguage":"en-GB","potentialAction":[{"@type":"ReadAction","target":["https:\/\/segafredo.es\/en\/politica-de-privacidade\/"]}]},{"@type":"BreadcrumbList","@id":"https:\/\/segafredo.es\/en\/politica-de-privacidade\/#breadcrumb","itemListElement":[{"@type":"ListItem","position":1,"name":"Home","item":"https:\/\/segafredo.es\/en\/"},{"@type":"ListItem","position":2,"name":"Politica de Privacidade"}]},{"@type":"WebSite","@id":"https:\/\/segafredo.es\/en\/#website","url":"https:\/\/segafredo.es\/en\/","name":"Segafredo","description":"","publisher":{"@id":"https:\/\/segafredo.es\/en\/#organization"},"potentialAction":[{"@type":"SearchAction","target":{"@type":"EntryPoint","urlTemplate":"https:\/\/segafredo.es\/en\/?s={search_term_string}"},"query-input":{"@type":"PropertyValueSpecification","valueRequired":true,"valueName":"search_term_string"}}],"inLanguage":"en-GB"},{"@type":"Organization","@id":"https:\/\/segafredo.es\/en\/#organization","name":"Segafredo","url":"https:\/\/segafredo.es\/en\/","logo":{"@type":"ImageObject","inLanguage":"en-GB","@id":"https:\/\/segafredo.es\/en\/#\/schema\/logo\/image\/","url":"https:\/\/segafredo.es\/wp-content\/uploads\/2024\/05\/loudzap-logo-1603185532.png","contentUrl":"https:\/\/segafredo.es\/wp-content\/uploads\/2024\/05\/loudzap-logo-1603185532.png","width":340,"height":176,"caption":"Segafredo"},"image":{"@id":"https:\/\/segafredo.es\/en\/#\/schema\/logo\/image\/"}}]}},"_links":{"self":[{"href":"https:\/\/segafredo.es\/en\/wp-json\/wp\/v2\/pages\/3","targetHints":{"allow":["GET"]}}],"collection":[{"href":"https:\/\/segafredo.es\/en\/wp-json\/wp\/v2\/pages"}],"about":[{"href":"https:\/\/segafredo.es\/en\/wp-json\/wp\/v2\/types\/page"}],"author":[{"embeddable":true,"href":"https:\/\/segafredo.es\/en\/wp-json\/wp\/v2\/users\/1"}],"replies":[{"embeddable":true,"href":"https:\/\/segafredo.es\/en\/wp-json\/wp\/v2\/comments?post=3"}],"version-history":[{"count":11,"href":"https:\/\/segafredo.es\/en\/wp-json\/wp\/v2\/pages\/3\/revisions"}],"predecessor-version":[{"id":1474,"href":"https:\/\/segafredo.es\/en\/wp-json\/wp\/v2\/pages\/3\/revisions\/1474"}],"wp:attachment":[{"href":"https:\/\/segafredo.es\/en\/wp-json\/wp\/v2\/media?parent=3"}],"curies":[{"name":"wp","href":"https:\/\/api.w.org\/{rel}","templated":true}]}}