{"id":993,"date":"2024-10-02T18:06:34","date_gmt":"2024-10-02T18:06:34","guid":{"rendered":"https:\/\/segafredo.hdonline.pt\/?page_id=993"},"modified":"2025-01-10T17:11:31","modified_gmt":"2025-01-10T17:11:31","slug":"office-2","status":"publish","type":"page","link":"https:\/\/segafredo.es\/en\/office-2\/","title":{"rendered":"Office"},"content":{"rendered":"<div data-elementor-type=\"wp-page\" data-elementor-id=\"993\" class=\"elementor elementor-993\" data-elementor-post-type=\"page\">\n\t\t\t\t\t\t<section class=\"elementor-section elementor-top-section elementor-element elementor-element-59bea5e elementor-section-height-min-height elementor-section-boxed elementor-section-height-default elementor-section-items-middle\" data-id=\"59bea5e\" data-element_type=\"section\" data-settings=\"{&quot;background_background&quot;:&quot;classic&quot;}\">\n\t\t\t\t\t\t\t<div class=\"elementor-background-overlay\"><\/div>\n\t\t\t\t\t\t\t<div class=\"elementor-container elementor-column-gap-default\">\n\t\t\t\t\t<div class=\"elementor-column elementor-col-100 elementor-top-column elementor-element elementor-element-3e209fb\" data-id=\"3e209fb\" data-element_type=\"column\" data-settings=\"{&quot;background_background&quot;:&quot;classic&quot;}\">\n\t\t\t<div class=\"elementor-widget-wrap elementor-element-populated\">\n\t\t\t\t\t<div class=\"elementor-background-overlay\"><\/div>\n\t\t\t\t\t\t<div class=\"elementor-element elementor-element-ff47f33 elementor-widget elementor-widget-heading\" data-id=\"ff47f33\" data-element_type=\"widget\" data-widget_type=\"heading.default\">\n\t\t\t\t<div class=\"elementor-widget-container\">\n\t\t\t\t\t<h1 class=\"elementor-heading-title elementor-size-default\">OFFICE<\/h1>\t\t\t\t<\/div>\n\t\t\t\t<\/div>\n\t\t\t\t\t<\/div>\n\t\t<\/div>\n\t\t\t\t\t<\/div>\n\t\t<\/section>\n\t\t\t\t<section class=\"elementor-section elementor-top-section elementor-element elementor-element-7e965cc elementor-section-boxed elementor-section-height-default elementor-section-height-default\" data-id=\"7e965cc\" data-element_type=\"section\">\n\t\t\t\t\t\t<div class=\"elementor-container elementor-column-gap-default\">\n\t\t\t\t\t<div class=\"elementor-column elementor-col-100 elementor-top-column elementor-element elementor-element-db06d1e\" data-id=\"db06d1e\" data-element_type=\"column\">\n\t\t\t<div class=\"elementor-widget-wrap elementor-element-populated\">\n\t\t\t\t\t\t<div class=\"elementor-element elementor-element-823f004 elementor-widget elementor-widget-text-editor\" data-id=\"823f004\" data-element_type=\"widget\" data-widget_type=\"text-editor.default\">\n\t\t\t\t<div class=\"elementor-widget-container\">\n\t\t\t\t\t\t\t\t\t<p>Lleva la aut\u00e9ntica experiencia del caf\u00e9 italiano a tu oficina con Segafredo. Sabemos que un buen caf\u00e9 es fundamental para impulsar la productividad y crear agradables momentos de relajaci\u00f3n en el lugar de trabajo.<\/p><p>Por eso ofrecemos una gama completa de soluciones de caf\u00e9 profesionales, especialmente desarrolladas para empresas y espacios corporativos. Ya sea que tenga una peque\u00f1a oficina o una gran empresa, Segafredo tiene el caf\u00e9 adecuado para su espacio. Con opciones que van desde m\u00e1quinas autom\u00e1ticas hasta pr\u00e1cticas c\u00e1psulas, traemos la misma calidad y aut\u00e9ntico sabor que nos ha convertido en un referente en el mundo del caf\u00e9.<\/p><p>Disfrute de las mejores mezclas de Segafredo, desarrolladas para adaptarse a diferentes gustos y preferencias. Cont\u00e1ctanos y descubre c\u00f3mo podemos llevar la experiencia Segafredo a tu oficina.<\/p><p>Ofrecemos planes personalizados y una selecci\u00f3n de productos para satisfacer las necesidades de su espacio de trabajo.<\/p>\t\t\t\t\t\t\t\t<\/div>\n\t\t\t\t<\/div>\n\t\t\t\t\t<\/div>\n\t\t<\/div>\n\t\t\t\t\t<\/div>\n\t\t<\/section>\n\t\t\t\t<section class=\"elementor-section elementor-top-section elementor-element elementor-element-b86a866 elementor-section-boxed elementor-section-height-default elementor-section-height-default\" data-id=\"b86a866\" data-element_type=\"section\">\n\t\t\t\t\t\t<div class=\"elementor-container elementor-column-gap-default\">\n\t\t\t\t\t<div class=\"elementor-column elementor-col-100 elementor-top-column elementor-element elementor-element-eb85b77\" data-id=\"eb85b77\" data-element_type=\"column\">\n\t\t\t<div class=\"elementor-widget-wrap elementor-element-populated\">\n\t\t\t\t\t\t<div class=\"elementor-element elementor-element-f120c94 elementor-widget elementor-widget-heading\" data-id=\"f120c94\" data-element_type=\"widget\" data-widget_type=\"heading.default\">\n\t\t\t\t<div class=\"elementor-widget-container\">\n\t\t\t\t\t<h2 class=\"elementor-heading-title elementor-size-default\">Contact Us<\/h2>\t\t\t\t<\/div>\n\t\t\t\t<\/div>\n\t\t\t\t<div class=\"elementor-element elementor-element-7574d0d elementor-widget elementor-widget-text-editor\" data-id=\"7574d0d\" data-element_type=\"widget\" data-widget_type=\"text-editor.default\">\n\t\t\t\t<div class=\"elementor-widget-container\">\n\t\t\t\t\t\t\t\t\t<p>Fill out the form to discover Segafredo's offer for your business.<\/p>\t\t\t\t\t\t\t\t<\/div>\n\t\t\t\t<\/div>\n\t\t\t\t<div class=\"elementor-element elementor-element-f86718f elementor-align-center elementor-widget elementor-widget-button\" data-id=\"f86718f\" data-element_type=\"widget\" data-widget_type=\"button.default\">\n\t\t\t\t<div class=\"elementor-widget-container\">\n\t\t\t\t\t\t\t\t\t<div class=\"elementor-button-wrapper\">\n\t\t\t\t\t<a class=\"elementor-button elementor-button-link elementor-size-sm\" href=\"https:\/\/segafredo.es\/en\/contactos\/#formulario\" formulario=\"\">\n\t\t\t\t\t\t<span class=\"elementor-button-content-wrapper\">\n\t\t\t\t\t\t\t\t\t<span class=\"elementor-button-text\">Contact Us<\/span>\n\t\t\t\t\t<\/span>\n\t\t\t\t\t<\/a>\n\t\t\t\t<\/div>\n\t\t\t\t\t\t\t\t<\/div>\n\t\t\t\t<\/div>\n\t\t\t\t\t<\/div>\n\t\t<\/div>\n\t\t\t\t\t<\/div>\n\t\t<\/section>\n\t\t\t\t<\/div>","protected":false},"excerpt":{"rendered":"<p>OFFICE Lleva la aut\u00e9ntica experiencia del caf\u00e9 italiano a tu oficina con Segafredo. Sabemos que un buen caf\u00e9 es fundamental para impulsar la productividad y crear agradables momentos de relajaci\u00f3n en el lugar de trabajo. Por eso ofrecemos una gama completa de soluciones de caf\u00e9 profesionales, especialmente desarrolladas para empresas y espacios corporativos. Ya sea [&hellip;]<\/p>","protected":false},"author":1,"featured_media":0,"parent":0,"menu_order":0,"comment_status":"closed","ping_status":"closed","template":"","meta":{"footnotes":""},"class_list":["post-993","page","type-page","status-publish","hentry"],"yoast_head":"<!-- This site is optimized with the Yoast SEO plugin v26.7 - https:\/\/yoast.com\/wordpress\/plugins\/seo\/ -->\n<title>Office - Segafredo<\/title>\n<meta name=\"robots\" content=\"index, follow, max-snippet:-1, max-image-preview:large, max-video-preview:-1\" \/>\n<link rel=\"canonical\" href=\"https:\/\/segafredo.es\/en\/office-2\/\" \/>\n<meta property=\"og:locale\" content=\"en_GB\" \/>\n<meta property=\"og:type\" content=\"article\" \/>\n<meta property=\"og:title\" content=\"Office - Segafredo\" \/>\n<meta property=\"og:description\" content=\"OFFICE Lleva la aut\u00e9ntica experiencia del caf\u00e9 italiano a tu oficina con Segafredo. Sabemos que un buen caf\u00e9 es fundamental para impulsar la productividad y crear agradables momentos de relajaci\u00f3n en el lugar de trabajo. Por eso ofrecemos una gama completa de soluciones de caf\u00e9 profesionales, especialmente desarrolladas para empresas y espacios corporativos. Ya sea [&hellip;]\" \/>\n<meta property=\"og:url\" content=\"https:\/\/segafredo.es\/en\/office-2\/\" \/>\n<meta property=\"og:site_name\" content=\"Segafredo\" \/>\n<meta property=\"article:modified_time\" content=\"2025-01-10T17:11:31+00:00\" \/>\n<meta name=\"twitter:card\" content=\"summary_large_image\" \/>\n<meta name=\"twitter:label1\" content=\"Estimated reading time\" \/>\n\t<meta name=\"twitter:data1\" content=\"1 minute\" \/>\n<script type=\"application\/ld+json\" class=\"yoast-schema-graph\">{\"@context\":\"https:\/\/schema.org\",\"@graph\":[{\"@type\":\"WebPage\",\"@id\":\"https:\/\/segafredo.es\/en\/office-2\/\",\"url\":\"https:\/\/segafredo.es\/en\/office-2\/\",\"name\":\"Office - Segafredo\",\"isPartOf\":{\"@id\":\"https:\/\/segafredo.es\/en\/#website\"},\"datePublished\":\"2024-10-02T18:06:34+00:00\",\"dateModified\":\"2025-01-10T17:11:31+00:00\",\"breadcrumb\":{\"@id\":\"https:\/\/segafredo.es\/en\/office-2\/#breadcrumb\"},\"inLanguage\":\"en-GB\",\"potentialAction\":[{\"@type\":\"ReadAction\",\"target\":[\"https:\/\/segafredo.es\/en\/office-2\/\"]}]},{\"@type\":\"BreadcrumbList\",\"@id\":\"https:\/\/segafredo.es\/en\/office-2\/#breadcrumb\",\"itemListElement\":[{\"@type\":\"ListItem\",\"position\":1,\"name\":\"Home\",\"item\":\"https:\/\/segafredo.es\/en\/\"},{\"@type\":\"ListItem\",\"position\":2,\"name\":\"Office\"}]},{\"@type\":\"WebSite\",\"@id\":\"https:\/\/segafredo.es\/en\/#website\",\"url\":\"https:\/\/segafredo.es\/en\/\",\"name\":\"Segafredo\",\"description\":\"\",\"publisher\":{\"@id\":\"https:\/\/segafredo.es\/en\/#organization\"},\"potentialAction\":[{\"@type\":\"SearchAction\",\"target\":{\"@type\":\"EntryPoint\",\"urlTemplate\":\"https:\/\/segafredo.es\/en\/?s={search_term_string}\"},\"query-input\":{\"@type\":\"PropertyValueSpecification\",\"valueRequired\":true,\"valueName\":\"search_term_string\"}}],\"inLanguage\":\"en-GB\"},{\"@type\":\"Organization\",\"@id\":\"https:\/\/segafredo.es\/en\/#organization\",\"name\":\"Segafredo\",\"url\":\"https:\/\/segafredo.es\/en\/\",\"logo\":{\"@type\":\"ImageObject\",\"inLanguage\":\"en-GB\",\"@id\":\"https:\/\/segafredo.es\/en\/#\/schema\/logo\/image\/\",\"url\":\"https:\/\/segafredo.es\/wp-content\/uploads\/2024\/05\/loudzap-logo-1603185532.png\",\"contentUrl\":\"https:\/\/segafredo.es\/wp-content\/uploads\/2024\/05\/loudzap-logo-1603185532.png\",\"width\":340,\"height\":176,\"caption\":\"Segafredo\"},\"image\":{\"@id\":\"https:\/\/segafredo.es\/en\/#\/schema\/logo\/image\/\"}}]}<\/script>\n<!-- \/ Yoast SEO plugin. -->","yoast_head_json":{"title":"Office - Segafredo","robots":{"index":"index","follow":"follow","max-snippet":"max-snippet:-1","max-image-preview":"max-image-preview:large","max-video-preview":"max-video-preview:-1"},"canonical":"https:\/\/segafredo.es\/en\/office-2\/","og_locale":"en_GB","og_type":"article","og_title":"Office - Segafredo","og_description":"OFFICE Lleva la aut\u00e9ntica experiencia del caf\u00e9 italiano a tu oficina con Segafredo. Sabemos que un buen caf\u00e9 es fundamental para impulsar la productividad y crear agradables momentos de relajaci\u00f3n en el lugar de trabajo. Por eso ofrecemos una gama completa de soluciones de caf\u00e9 profesionales, especialmente desarrolladas para empresas y espacios corporativos. Ya sea [&hellip;]","og_url":"https:\/\/segafredo.es\/en\/office-2\/","og_site_name":"Segafredo","article_modified_time":"2025-01-10T17:11:31+00:00","twitter_card":"summary_large_image","twitter_misc":{"Estimated reading time":"1 minute"},"schema":{"@context":"https:\/\/schema.org","@graph":[{"@type":"WebPage","@id":"https:\/\/segafredo.es\/en\/office-2\/","url":"https:\/\/segafredo.es\/en\/office-2\/","name":"Office - Segafredo","isPartOf":{"@id":"https:\/\/segafredo.es\/en\/#website"},"datePublished":"2024-10-02T18:06:34+00:00","dateModified":"2025-01-10T17:11:31+00:00","breadcrumb":{"@id":"https:\/\/segafredo.es\/en\/office-2\/#breadcrumb"},"inLanguage":"en-GB","potentialAction":[{"@type":"ReadAction","target":["https:\/\/segafredo.es\/en\/office-2\/"]}]},{"@type":"BreadcrumbList","@id":"https:\/\/segafredo.es\/en\/office-2\/#breadcrumb","itemListElement":[{"@type":"ListItem","position":1,"name":"Home","item":"https:\/\/segafredo.es\/en\/"},{"@type":"ListItem","position":2,"name":"Office"}]},{"@type":"WebSite","@id":"https:\/\/segafredo.es\/en\/#website","url":"https:\/\/segafredo.es\/en\/","name":"Segafredo","description":"","publisher":{"@id":"https:\/\/segafredo.es\/en\/#organization"},"potentialAction":[{"@type":"SearchAction","target":{"@type":"EntryPoint","urlTemplate":"https:\/\/segafredo.es\/en\/?s={search_term_string}"},"query-input":{"@type":"PropertyValueSpecification","valueRequired":true,"valueName":"search_term_string"}}],"inLanguage":"en-GB"},{"@type":"Organization","@id":"https:\/\/segafredo.es\/en\/#organization","name":"Segafredo","url":"https:\/\/segafredo.es\/en\/","logo":{"@type":"ImageObject","inLanguage":"en-GB","@id":"https:\/\/segafredo.es\/en\/#\/schema\/logo\/image\/","url":"https:\/\/segafredo.es\/wp-content\/uploads\/2024\/05\/loudzap-logo-1603185532.png","contentUrl":"https:\/\/segafredo.es\/wp-content\/uploads\/2024\/05\/loudzap-logo-1603185532.png","width":340,"height":176,"caption":"Segafredo"},"image":{"@id":"https:\/\/segafredo.es\/en\/#\/schema\/logo\/image\/"}}]}},"_links":{"self":[{"href":"https:\/\/segafredo.es\/en\/wp-json\/wp\/v2\/pages\/993","targetHints":{"allow":["GET"]}}],"collection":[{"href":"https:\/\/segafredo.es\/en\/wp-json\/wp\/v2\/pages"}],"about":[{"href":"https:\/\/segafredo.es\/en\/wp-json\/wp\/v2\/types\/page"}],"author":[{"embeddable":true,"href":"https:\/\/segafredo.es\/en\/wp-json\/wp\/v2\/users\/1"}],"replies":[{"embeddable":true,"href":"https:\/\/segafredo.es\/en\/wp-json\/wp\/v2\/comments?post=993"}],"version-history":[{"count":19,"href":"https:\/\/segafredo.es\/en\/wp-json\/wp\/v2\/pages\/993\/revisions"}],"predecessor-version":[{"id":1462,"href":"https:\/\/segafredo.es\/en\/wp-json\/wp\/v2\/pages\/993\/revisions\/1462"}],"wp:attachment":[{"href":"https:\/\/segafredo.es\/en\/wp-json\/wp\/v2\/media?parent=993"}],"curies":[{"name":"wp","href":"https:\/\/api.w.org\/{rel}","templated":true}]}}