{"id":278,"date":"2024-06-18T09:11:16","date_gmt":"2024-06-18T09:11:16","guid":{"rendered":"https:\/\/segafredo.hdonline.pt\/?post_type=product&#038;p=278"},"modified":"2025-01-10T18:11:11","modified_gmt":"2025-01-10T18:11:11","slug":"intenso-cx10-capsulas","status":"publish","type":"product","link":"https:\/\/segafredo.es\/en\/product\/intenso-cx10-capsulas\/","title":{"rendered":"Segafredo Intenso <br><small>10 capsules<\/small><\/br>"},"content":{"rendered":"<p>Discover the robust and enveloping intensity of our Intenso capsules. Carefully packaged in aluminum capsules to ensure maximum freshness, this blend is perfect for those who enjoy a strong coffee with deep notes and a lingering flavor. Awaken your senses with each espresso, crafted to deliver intense flavor and a rich, silky crema. Ideal for kick-starting your day or for a boost of vitality anytime.<\/p>","protected":false},"excerpt":{"rendered":"<p>Discover the robust and enveloping intensity of our Intenso capsules. Carefully packaged in aluminum capsules to ensure maximum freshness, this blend is perfect for those who enjoy a strong coffee with deep notes and a lingering flavor. Awaken your senses with each espresso, crafted to deliver intense flavor and a rich, silky crema. Ideal for kick-starting your day or for a boost of vitality anytime.<\/p>\n<p>&nbsp;<\/p>\n<p><img decoding=\"async\" class=\"alignnone wp-image-913\" src=\"https:\/\/segafredo.es\/wp-content\/uploads\/2024\/08\/nespresso_50g-300x98.png\" alt=\"51g\" width=\"131\" height=\"50\" srcset=\"https:\/\/segafredo.es\/wp-content\/uploads\/2024\/08\/nespresso_50g-18x6.png 18w, https:\/\/segafredo.es\/wp-content\/uploads\/2024\/08\/nespresso_50g-24x8.png 24w\" sizes=\"(max-width: 131px) 100vw, 131px\" \/> \u00a0<img decoding=\"async\" class=\"alignnone wp-image-914\" src=\"https:\/\/segafredo.es\/wp-content\/uploads\/2024\/08\/caixa10-149x300.png\" alt=\"caixa de 10 c\u00e1psulas\" width=\"62\" height=\"125\" srcset=\"https:\/\/segafredo.es\/wp-content\/uploads\/2024\/08\/caixa10-149x300.png 149w, https:\/\/segafredo.es\/wp-content\/uploads\/2024\/08\/caixa10-510x1024.png 510w, https:\/\/segafredo.es\/wp-content\/uploads\/2024\/08\/caixa10-6x12.png 6w, https:\/\/segafredo.es\/wp-content\/uploads\/2024\/08\/caixa10-12x24.png 12w, https:\/\/segafredo.es\/wp-content\/uploads\/2024\/08\/caixa10-18x36.png 18w, https:\/\/segafredo.es\/wp-content\/uploads\/2024\/08\/caixa10-24x48.png 24w, https:\/\/segafredo.es\/wp-content\/uploads\/2024\/08\/caixa10-300x602.png 300w, https:\/\/segafredo.es\/wp-content\/uploads\/2024\/08\/caixa10.png 524w\" sizes=\"(max-width: 62px) 100vw, 62px\" \/><\/p>\n<p>&nbsp;<\/p>\n<p>Capsules compatible with Nespresso\u00ae* home machines<\/p>\n<p>&nbsp;<\/p>\n<p style=\"font-size: 70%;\">(*) Trademark registered in the name of a company not related to Massimo Zanetti Beverage Iberia S.A.<\/p>","protected":false},"featured_media":305,"template":"","meta":[],"product_brand":[],"product_cat":[22],"product_tag":[],"class_list":{"0":"post-278","1":"product","2":"type-product","3":"status-publish","4":"has-post-thumbnail","6":"product_cat-capsulas-compatibles-con-el-sistema-nespresso","8":"first","9":"instock","10":"shipping-taxable","11":"product-type-simple"},"yoast_head":"<!-- This site is optimized with the Yoast SEO plugin v26.7 - https:\/\/yoast.com\/wordpress\/plugins\/seo\/ -->\n<title>Segafredo Intenso 10 c\u00e1psulas - Segafredo<\/title>\n<meta name=\"robots\" content=\"index, follow, max-snippet:-1, max-image-preview:large, max-video-preview:-1\" \/>\n<link rel=\"canonical\" href=\"https:\/\/segafredo.es\/en\/product\/intenso-cx10-capsulas\/\" \/>\n<meta property=\"og:locale\" content=\"en_GB\" \/>\n<meta property=\"og:type\" content=\"article\" \/>\n<meta property=\"og:title\" content=\"Segafredo Intenso 10 c\u00e1psulas - Segafredo\" \/>\n<meta property=\"og:description\" content=\"Descubre la intensidad robusta y envolvente de nuestras c\u00e1psulas Intenso. Envasado cuidadosamente en c\u00e1psulas de aluminio para garantizar la m\u00e1xima frescura, esta mezcla es perfecta para quienes disfrutan de un caf\u00e9 fuerte con notas profundas y un sabor persistente. Despierta tus sentidos con cada espresso, creado para brindar un sabor intenso y una crema rica y sedosa. Ideal para empezar el d\u00eda con energ\u00eda o para un impulso de vitalidad en cualquier momento.  &nbsp;   \u00a0  &nbsp;  C\u00e1psulas compatibles con m\u00e1quinas de uso dom\u00e9stico Nespresso\u00ae*  &nbsp; (*) Marca registrada a nombre de una empresa no relacionada con Massimo Zanetti Beverage Iberia S.A.\" \/>\n<meta property=\"og:url\" content=\"https:\/\/segafredo.es\/en\/product\/intenso-cx10-capsulas\/\" \/>\n<meta property=\"og:site_name\" content=\"Segafredo\" \/>\n<meta property=\"article:modified_time\" content=\"2025-01-10T18:11:11+00:00\" \/>\n<meta property=\"og:image\" content=\"https:\/\/segafredo.es\/wp-content\/uploads\/2024\/06\/cap-aluminio-SZ_frente_intenso_fev2022.jpg\" \/>\n\t<meta property=\"og:image:width\" content=\"1100\" \/>\n\t<meta property=\"og:image:height\" content=\"1500\" \/>\n\t<meta property=\"og:image:type\" content=\"image\/jpeg\" \/>\n<meta name=\"twitter:card\" content=\"summary_large_image\" \/>\n<script type=\"application\/ld+json\" class=\"yoast-schema-graph\">{\"@context\":\"https:\/\/schema.org\",\"@graph\":[{\"@type\":\"WebPage\",\"@id\":\"https:\/\/segafredo.es\/product\/intenso-cx10-capsulas\/\",\"url\":\"https:\/\/segafredo.es\/product\/intenso-cx10-capsulas\/\",\"name\":\"Segafredo Intenso 10 c\u00e1psulas - Segafredo\",\"isPartOf\":{\"@id\":\"https:\/\/segafredo.es\/en\/#website\"},\"primaryImageOfPage\":{\"@id\":\"https:\/\/segafredo.es\/product\/intenso-cx10-capsulas\/#primaryimage\"},\"image\":{\"@id\":\"https:\/\/segafredo.es\/product\/intenso-cx10-capsulas\/#primaryimage\"},\"thumbnailUrl\":\"https:\/\/segafredo.es\/wp-content\/uploads\/2024\/06\/cap-aluminio-SZ_frente_intenso_fev2022.jpg\",\"datePublished\":\"2024-06-18T09:11:16+00:00\",\"dateModified\":\"2025-01-10T18:11:11+00:00\",\"breadcrumb\":{\"@id\":\"https:\/\/segafredo.es\/product\/intenso-cx10-capsulas\/#breadcrumb\"},\"inLanguage\":\"en-GB\",\"potentialAction\":[{\"@type\":\"ReadAction\",\"target\":[\"https:\/\/segafredo.es\/product\/intenso-cx10-capsulas\/\"]}]},{\"@type\":\"ImageObject\",\"inLanguage\":\"en-GB\",\"@id\":\"https:\/\/segafredo.es\/product\/intenso-cx10-capsulas\/#primaryimage\",\"url\":\"https:\/\/segafredo.es\/wp-content\/uploads\/2024\/06\/cap-aluminio-SZ_frente_intenso_fev2022.jpg\",\"contentUrl\":\"https:\/\/segafredo.es\/wp-content\/uploads\/2024\/06\/cap-aluminio-SZ_frente_intenso_fev2022.jpg\",\"width\":1100,\"height\":1500},{\"@type\":\"BreadcrumbList\",\"@id\":\"https:\/\/segafredo.es\/product\/intenso-cx10-capsulas\/#breadcrumb\",\"itemListElement\":[{\"@type\":\"ListItem\",\"position\":1,\"name\":\"Home\",\"item\":\"https:\/\/segafredo.es\/en\/\"},{\"@type\":\"ListItem\",\"position\":2,\"name\":\"Produtos\",\"item\":\"https:\/\/segafredo.es\/en\/produtos\/\"},{\"@type\":\"ListItem\",\"position\":3,\"name\":\"Segafredo Intenso 10 c\u00e1psulas\"}]},{\"@type\":\"WebSite\",\"@id\":\"https:\/\/segafredo.es\/en\/#website\",\"url\":\"https:\/\/segafredo.es\/en\/\",\"name\":\"Segafredo\",\"description\":\"\",\"publisher\":{\"@id\":\"https:\/\/segafredo.es\/en\/#organization\"},\"potentialAction\":[{\"@type\":\"SearchAction\",\"target\":{\"@type\":\"EntryPoint\",\"urlTemplate\":\"https:\/\/segafredo.es\/en\/?s={search_term_string}\"},\"query-input\":{\"@type\":\"PropertyValueSpecification\",\"valueRequired\":true,\"valueName\":\"search_term_string\"}}],\"inLanguage\":\"en-GB\"},{\"@type\":\"Organization\",\"@id\":\"https:\/\/segafredo.es\/en\/#organization\",\"name\":\"Segafredo\",\"url\":\"https:\/\/segafredo.es\/en\/\",\"logo\":{\"@type\":\"ImageObject\",\"inLanguage\":\"en-GB\",\"@id\":\"https:\/\/segafredo.es\/en\/#\/schema\/logo\/image\/\",\"url\":\"https:\/\/segafredo.es\/wp-content\/uploads\/2024\/05\/loudzap-logo-1603185532.png\",\"contentUrl\":\"https:\/\/segafredo.es\/wp-content\/uploads\/2024\/05\/loudzap-logo-1603185532.png\",\"width\":340,\"height\":176,\"caption\":\"Segafredo\"},\"image\":{\"@id\":\"https:\/\/segafredo.es\/en\/#\/schema\/logo\/image\/\"}}]}<\/script>\n<!-- \/ Yoast SEO plugin. -->","yoast_head_json":{"title":"Segafredo Intenso 10 c\u00e1psulas - Segafredo","robots":{"index":"index","follow":"follow","max-snippet":"max-snippet:-1","max-image-preview":"max-image-preview:large","max-video-preview":"max-video-preview:-1"},"canonical":"https:\/\/segafredo.es\/en\/product\/intenso-cx10-capsulas\/","og_locale":"en_GB","og_type":"article","og_title":"Segafredo Intenso 10 c\u00e1psulas - Segafredo","og_description":"Descubre la intensidad robusta y envolvente de nuestras c\u00e1psulas Intenso. Envasado cuidadosamente en c\u00e1psulas de aluminio para garantizar la m\u00e1xima frescura, esta mezcla es perfecta para quienes disfrutan de un caf\u00e9 fuerte con notas profundas y un sabor persistente. Despierta tus sentidos con cada espresso, creado para brindar un sabor intenso y una crema rica y sedosa. Ideal para empezar el d\u00eda con energ\u00eda o para un impulso de vitalidad en cualquier momento.  &nbsp;   \u00a0  &nbsp;  C\u00e1psulas compatibles con m\u00e1quinas de uso dom\u00e9stico Nespresso\u00ae*  &nbsp; (*) Marca registrada a nombre de una empresa no relacionada con Massimo Zanetti Beverage Iberia S.A.","og_url":"https:\/\/segafredo.es\/en\/product\/intenso-cx10-capsulas\/","og_site_name":"Segafredo","article_modified_time":"2025-01-10T18:11:11+00:00","og_image":[{"width":1100,"height":1500,"url":"https:\/\/segafredo.es\/wp-content\/uploads\/2024\/06\/cap-aluminio-SZ_frente_intenso_fev2022.jpg","type":"image\/jpeg"}],"twitter_card":"summary_large_image","schema":{"@context":"https:\/\/schema.org","@graph":[{"@type":"WebPage","@id":"https:\/\/segafredo.es\/product\/intenso-cx10-capsulas\/","url":"https:\/\/segafredo.es\/product\/intenso-cx10-capsulas\/","name":"Segafredo Intenso 10 c\u00e1psulas - Segafredo","isPartOf":{"@id":"https:\/\/segafredo.es\/en\/#website"},"primaryImageOfPage":{"@id":"https:\/\/segafredo.es\/product\/intenso-cx10-capsulas\/#primaryimage"},"image":{"@id":"https:\/\/segafredo.es\/product\/intenso-cx10-capsulas\/#primaryimage"},"thumbnailUrl":"https:\/\/segafredo.es\/wp-content\/uploads\/2024\/06\/cap-aluminio-SZ_frente_intenso_fev2022.jpg","datePublished":"2024-06-18T09:11:16+00:00","dateModified":"2025-01-10T18:11:11+00:00","breadcrumb":{"@id":"https:\/\/segafredo.es\/product\/intenso-cx10-capsulas\/#breadcrumb"},"inLanguage":"en-GB","potentialAction":[{"@type":"ReadAction","target":["https:\/\/segafredo.es\/product\/intenso-cx10-capsulas\/"]}]},{"@type":"ImageObject","inLanguage":"en-GB","@id":"https:\/\/segafredo.es\/product\/intenso-cx10-capsulas\/#primaryimage","url":"https:\/\/segafredo.es\/wp-content\/uploads\/2024\/06\/cap-aluminio-SZ_frente_intenso_fev2022.jpg","contentUrl":"https:\/\/segafredo.es\/wp-content\/uploads\/2024\/06\/cap-aluminio-SZ_frente_intenso_fev2022.jpg","width":1100,"height":1500},{"@type":"BreadcrumbList","@id":"https:\/\/segafredo.es\/product\/intenso-cx10-capsulas\/#breadcrumb","itemListElement":[{"@type":"ListItem","position":1,"name":"Home","item":"https:\/\/segafredo.es\/en\/"},{"@type":"ListItem","position":2,"name":"Produtos","item":"https:\/\/segafredo.es\/en\/produtos\/"},{"@type":"ListItem","position":3,"name":"Segafredo Intenso 10 c\u00e1psulas"}]},{"@type":"WebSite","@id":"https:\/\/segafredo.es\/en\/#website","url":"https:\/\/segafredo.es\/en\/","name":"Segafredo","description":"","publisher":{"@id":"https:\/\/segafredo.es\/en\/#organization"},"potentialAction":[{"@type":"SearchAction","target":{"@type":"EntryPoint","urlTemplate":"https:\/\/segafredo.es\/en\/?s={search_term_string}"},"query-input":{"@type":"PropertyValueSpecification","valueRequired":true,"valueName":"search_term_string"}}],"inLanguage":"en-GB"},{"@type":"Organization","@id":"https:\/\/segafredo.es\/en\/#organization","name":"Segafredo","url":"https:\/\/segafredo.es\/en\/","logo":{"@type":"ImageObject","inLanguage":"en-GB","@id":"https:\/\/segafredo.es\/en\/#\/schema\/logo\/image\/","url":"https:\/\/segafredo.es\/wp-content\/uploads\/2024\/05\/loudzap-logo-1603185532.png","contentUrl":"https:\/\/segafredo.es\/wp-content\/uploads\/2024\/05\/loudzap-logo-1603185532.png","width":340,"height":176,"caption":"Segafredo"},"image":{"@id":"https:\/\/segafredo.es\/en\/#\/schema\/logo\/image\/"}}]}},"_links":{"self":[{"href":"https:\/\/segafredo.es\/en\/wp-json\/wp\/v2\/product\/278","targetHints":{"allow":["GET"]}}],"collection":[{"href":"https:\/\/segafredo.es\/en\/wp-json\/wp\/v2\/product"}],"about":[{"href":"https:\/\/segafredo.es\/en\/wp-json\/wp\/v2\/types\/product"}],"wp:featuredmedia":[{"embeddable":true,"href":"https:\/\/segafredo.es\/en\/wp-json\/wp\/v2\/media\/305"}],"wp:attachment":[{"href":"https:\/\/segafredo.es\/en\/wp-json\/wp\/v2\/media?parent=278"}],"wp:term":[{"taxonomy":"product_brand","embeddable":true,"href":"https:\/\/segafredo.es\/en\/wp-json\/wp\/v2\/product_brand?post=278"},{"taxonomy":"product_cat","embeddable":true,"href":"https:\/\/segafredo.es\/en\/wp-json\/wp\/v2\/product_cat?post=278"},{"taxonomy":"product_tag","embeddable":true,"href":"https:\/\/segafredo.es\/en\/wp-json\/wp\/v2\/product_tag?post=278"}],"curies":[{"name":"wp","href":"https:\/\/api.w.org\/{rel}","templated":true}]}}