{"id":283,"date":"2024-06-18T09:11:17","date_gmt":"2024-06-18T09:11:17","guid":{"rendered":"https:\/\/segafredo.hdonline.pt\/?post_type=product&#038;p=283"},"modified":"2025-01-10T18:14:35","modified_gmt":"2025-01-10T18:14:35","slug":"brasil-cx10-capsulas","status":"publish","type":"product","link":"https:\/\/segafredo.es\/en\/product\/brasil-cx10-capsulas\/","title":{"rendered":"Segafredo Brasil <br><small>10 capsules<\/small><\/br>"},"content":{"rendered":"<p>Immerse yourself in the vibrant flavors of Brazil with our exclusive single-origin coffee. Harvested in the fertile regions of Brazil, this blend stands out for its smooth and balanced flavor profile, with notes of chocolate and a light nutty undertone. The acidity is subtle, complementing a creamy body that makes every sip a unique and enticing experience. The rich, lingering crema adds an extra dimension of pleasure to this exceptional coffee. Perfect for lovers of authentic Brazilian coffee.<\/p>","protected":false},"excerpt":{"rendered":"<p>Immerse yourself in the vibrant flavors of Brazil with our exclusive single-origin coffee. Harvested in the fertile regions of Brazil, this blend stands out for its smooth and balanced flavor profile, with notes of chocolate and a light nutty undertone. The acidity is subtle, complementing a creamy body that makes every sip a unique and enticing experience. The rich, lingering crema adds an extra dimension of pleasure to this exceptional coffee. Perfect for lovers of authentic Brazilian coffee.<br \/>\n<img decoding=\"async\" class=\"alignnone wp-image-913\" src=\"https:\/\/segafredo.es\/wp-content\/uploads\/2024\/08\/nespresso_50g-300x98.png\" alt=\"51g\" width=\"131\" height=\"50\" srcset=\"https:\/\/segafredo.es\/wp-content\/uploads\/2024\/08\/nespresso_50g-18x6.png 18w, https:\/\/segafredo.es\/wp-content\/uploads\/2024\/08\/nespresso_50g-24x8.png 24w\" sizes=\"(max-width: 131px) 100vw, 131px\" \/> \u00a0<img decoding=\"async\" class=\"alignnone wp-image-914\" src=\"https:\/\/segafredo.es\/wp-content\/uploads\/2024\/08\/caixa10-149x300.png\" alt=\"caixa de 10 c\u00e1psulas\" width=\"62\" height=\"125\" srcset=\"https:\/\/segafredo.es\/wp-content\/uploads\/2024\/08\/caixa10-149x300.png 149w, https:\/\/segafredo.es\/wp-content\/uploads\/2024\/08\/caixa10-510x1024.png 510w, https:\/\/segafredo.es\/wp-content\/uploads\/2024\/08\/caixa10-6x12.png 6w, https:\/\/segafredo.es\/wp-content\/uploads\/2024\/08\/caixa10-12x24.png 12w, https:\/\/segafredo.es\/wp-content\/uploads\/2024\/08\/caixa10-18x36.png 18w, https:\/\/segafredo.es\/wp-content\/uploads\/2024\/08\/caixa10-24x48.png 24w, https:\/\/segafredo.es\/wp-content\/uploads\/2024\/08\/caixa10-300x602.png 300w, https:\/\/segafredo.es\/wp-content\/uploads\/2024\/08\/caixa10.png 524w\" sizes=\"(max-width: 62px) 100vw, 62px\" \/><\/p>\n<p>&nbsp;<\/p>\n<p>Capsules compatible with Nespresso\u00ae* domestic machines<\/p>\n<p>&nbsp;<\/p>\n<p style=\"font-size: 70%;\">(*) Trademark registered in the name of a company not related to Massimo Zanetti Beverage Iberia S.A.<\/p>","protected":false},"featured_media":302,"template":"","meta":[],"product_brand":[],"product_cat":[22],"product_tag":[],"class_list":{"0":"post-283","1":"product","2":"type-product","3":"status-publish","4":"has-post-thumbnail","6":"product_cat-capsulas-compatibles-con-el-sistema-nespresso","8":"first","9":"instock","10":"shipping-taxable","11":"product-type-simple"},"yoast_head":"<!-- This site is optimized with the Yoast SEO plugin v26.7 - https:\/\/yoast.com\/wordpress\/plugins\/seo\/ -->\n<title>Segafredo Brasil 10 c\u00e1psulas - Segafredo<\/title>\n<meta name=\"robots\" content=\"index, follow, max-snippet:-1, max-image-preview:large, max-video-preview:-1\" \/>\n<link rel=\"canonical\" href=\"https:\/\/segafredo.es\/en\/product\/brasil-cx10-capsulas\/\" \/>\n<meta property=\"og:locale\" content=\"en_GB\" \/>\n<meta property=\"og:type\" content=\"article\" \/>\n<meta property=\"og:title\" content=\"Segafredo Brasil 10 c\u00e1psulas - Segafredo\" \/>\n<meta property=\"og:description\" content=\"Sum\u00e9rjase en los vibrantes sabores de Brasil con nuestro exclusivo caf\u00e9 de origen \u00fanico. Cosechada en las regiones f\u00e9rtiles de Brasil, esta mezcla se destaca por su perfil de sabor suave y equilibrado, con notas de chocolate y un ligero matiz a nuez. La acidez es sutil, complementando un cuerpo cremoso que hace de cada sorbo una experiencia \u00fanica y atractiva. La crema rica y persistente agrega una dimensi\u00f3n extra de placer a este caf\u00e9 excepcional. Perfecto para los amantes del aut\u00e9ntico caf\u00e9 brasile\u00f1o.  \u00a0  &nbsp;  C\u00e1psulas compatibles con las m\u00e1quinas dom\u00e9sticas Nespresso\u00ae*  &nbsp; (*) Marca registrada a nombre de una empresa no relacionada con Massimo Zanetti Beverage Iberia S.A.\" \/>\n<meta property=\"og:url\" content=\"https:\/\/segafredo.es\/en\/product\/brasil-cx10-capsulas\/\" \/>\n<meta property=\"og:site_name\" content=\"Segafredo\" \/>\n<meta property=\"article:modified_time\" content=\"2025-01-10T18:14:35+00:00\" \/>\n<meta property=\"og:image\" content=\"https:\/\/segafredo.es\/wp-content\/uploads\/2024\/06\/cap-aluminio-SZ_frente_brasile_fev2022.jpg\" \/>\n\t<meta property=\"og:image:width\" content=\"1100\" \/>\n\t<meta property=\"og:image:height\" content=\"1500\" \/>\n\t<meta property=\"og:image:type\" content=\"image\/jpeg\" \/>\n<meta name=\"twitter:card\" content=\"summary_large_image\" \/>\n<script type=\"application\/ld+json\" class=\"yoast-schema-graph\">{\"@context\":\"https:\/\/schema.org\",\"@graph\":[{\"@type\":\"WebPage\",\"@id\":\"https:\/\/segafredo.es\/en\/product\/brasil-cx10-capsulas\/\",\"url\":\"https:\/\/segafredo.es\/en\/product\/brasil-cx10-capsulas\/\",\"name\":\"Segafredo Brasil 10 c\u00e1psulas - Segafredo\",\"isPartOf\":{\"@id\":\"https:\/\/segafredo.es\/en\/#website\"},\"primaryImageOfPage\":{\"@id\":\"https:\/\/segafredo.es\/en\/product\/brasil-cx10-capsulas\/#primaryimage\"},\"image\":{\"@id\":\"https:\/\/segafredo.es\/en\/product\/brasil-cx10-capsulas\/#primaryimage\"},\"thumbnailUrl\":\"https:\/\/segafredo.es\/wp-content\/uploads\/2024\/06\/cap-aluminio-SZ_frente_brasile_fev2022.jpg\",\"datePublished\":\"2024-06-18T09:11:17+00:00\",\"dateModified\":\"2025-01-10T18:14:35+00:00\",\"breadcrumb\":{\"@id\":\"https:\/\/segafredo.es\/en\/product\/brasil-cx10-capsulas\/#breadcrumb\"},\"inLanguage\":\"en-GB\",\"potentialAction\":[{\"@type\":\"ReadAction\",\"target\":[\"https:\/\/segafredo.es\/en\/product\/brasil-cx10-capsulas\/\"]}]},{\"@type\":\"ImageObject\",\"inLanguage\":\"en-GB\",\"@id\":\"https:\/\/segafredo.es\/en\/product\/brasil-cx10-capsulas\/#primaryimage\",\"url\":\"https:\/\/segafredo.es\/wp-content\/uploads\/2024\/06\/cap-aluminio-SZ_frente_brasile_fev2022.jpg\",\"contentUrl\":\"https:\/\/segafredo.es\/wp-content\/uploads\/2024\/06\/cap-aluminio-SZ_frente_brasile_fev2022.jpg\",\"width\":1100,\"height\":1500},{\"@type\":\"BreadcrumbList\",\"@id\":\"https:\/\/segafredo.es\/en\/product\/brasil-cx10-capsulas\/#breadcrumb\",\"itemListElement\":[{\"@type\":\"ListItem\",\"position\":1,\"name\":\"Home\",\"item\":\"https:\/\/segafredo.es\/en\/\"},{\"@type\":\"ListItem\",\"position\":2,\"name\":\"Produtos\",\"item\":\"https:\/\/segafredo.es\/en\/produtos\/\"},{\"@type\":\"ListItem\",\"position\":3,\"name\":\"Segafredo Brasil 10 c\u00e1psulas\"}]},{\"@type\":\"WebSite\",\"@id\":\"https:\/\/segafredo.es\/en\/#website\",\"url\":\"https:\/\/segafredo.es\/en\/\",\"name\":\"Segafredo\",\"description\":\"\",\"publisher\":{\"@id\":\"https:\/\/segafredo.es\/en\/#organization\"},\"potentialAction\":[{\"@type\":\"SearchAction\",\"target\":{\"@type\":\"EntryPoint\",\"urlTemplate\":\"https:\/\/segafredo.es\/en\/?s={search_term_string}\"},\"query-input\":{\"@type\":\"PropertyValueSpecification\",\"valueRequired\":true,\"valueName\":\"search_term_string\"}}],\"inLanguage\":\"en-GB\"},{\"@type\":\"Organization\",\"@id\":\"https:\/\/segafredo.es\/en\/#organization\",\"name\":\"Segafredo\",\"url\":\"https:\/\/segafredo.es\/en\/\",\"logo\":{\"@type\":\"ImageObject\",\"inLanguage\":\"en-GB\",\"@id\":\"https:\/\/segafredo.es\/en\/#\/schema\/logo\/image\/\",\"url\":\"https:\/\/segafredo.es\/wp-content\/uploads\/2024\/05\/loudzap-logo-1603185532.png\",\"contentUrl\":\"https:\/\/segafredo.es\/wp-content\/uploads\/2024\/05\/loudzap-logo-1603185532.png\",\"width\":340,\"height\":176,\"caption\":\"Segafredo\"},\"image\":{\"@id\":\"https:\/\/segafredo.es\/en\/#\/schema\/logo\/image\/\"}}]}<\/script>\n<!-- \/ Yoast SEO plugin. -->","yoast_head_json":{"title":"Segafredo Brasil 10 c\u00e1psulas - Segafredo","robots":{"index":"index","follow":"follow","max-snippet":"max-snippet:-1","max-image-preview":"max-image-preview:large","max-video-preview":"max-video-preview:-1"},"canonical":"https:\/\/segafredo.es\/en\/product\/brasil-cx10-capsulas\/","og_locale":"en_GB","og_type":"article","og_title":"Segafredo Brasil 10 c\u00e1psulas - Segafredo","og_description":"Sum\u00e9rjase en los vibrantes sabores de Brasil con nuestro exclusivo caf\u00e9 de origen \u00fanico. Cosechada en las regiones f\u00e9rtiles de Brasil, esta mezcla se destaca por su perfil de sabor suave y equilibrado, con notas de chocolate y un ligero matiz a nuez. La acidez es sutil, complementando un cuerpo cremoso que hace de cada sorbo una experiencia \u00fanica y atractiva. La crema rica y persistente agrega una dimensi\u00f3n extra de placer a este caf\u00e9 excepcional. Perfecto para los amantes del aut\u00e9ntico caf\u00e9 brasile\u00f1o.  \u00a0  &nbsp;  C\u00e1psulas compatibles con las m\u00e1quinas dom\u00e9sticas Nespresso\u00ae*  &nbsp; (*) Marca registrada a nombre de una empresa no relacionada con Massimo Zanetti Beverage Iberia S.A.","og_url":"https:\/\/segafredo.es\/en\/product\/brasil-cx10-capsulas\/","og_site_name":"Segafredo","article_modified_time":"2025-01-10T18:14:35+00:00","og_image":[{"width":1100,"height":1500,"url":"https:\/\/segafredo.es\/wp-content\/uploads\/2024\/06\/cap-aluminio-SZ_frente_brasile_fev2022.jpg","type":"image\/jpeg"}],"twitter_card":"summary_large_image","schema":{"@context":"https:\/\/schema.org","@graph":[{"@type":"WebPage","@id":"https:\/\/segafredo.es\/en\/product\/brasil-cx10-capsulas\/","url":"https:\/\/segafredo.es\/en\/product\/brasil-cx10-capsulas\/","name":"Segafredo Brasil 10 c\u00e1psulas - Segafredo","isPartOf":{"@id":"https:\/\/segafredo.es\/en\/#website"},"primaryImageOfPage":{"@id":"https:\/\/segafredo.es\/en\/product\/brasil-cx10-capsulas\/#primaryimage"},"image":{"@id":"https:\/\/segafredo.es\/en\/product\/brasil-cx10-capsulas\/#primaryimage"},"thumbnailUrl":"https:\/\/segafredo.es\/wp-content\/uploads\/2024\/06\/cap-aluminio-SZ_frente_brasile_fev2022.jpg","datePublished":"2024-06-18T09:11:17+00:00","dateModified":"2025-01-10T18:14:35+00:00","breadcrumb":{"@id":"https:\/\/segafredo.es\/en\/product\/brasil-cx10-capsulas\/#breadcrumb"},"inLanguage":"en-GB","potentialAction":[{"@type":"ReadAction","target":["https:\/\/segafredo.es\/en\/product\/brasil-cx10-capsulas\/"]}]},{"@type":"ImageObject","inLanguage":"en-GB","@id":"https:\/\/segafredo.es\/en\/product\/brasil-cx10-capsulas\/#primaryimage","url":"https:\/\/segafredo.es\/wp-content\/uploads\/2024\/06\/cap-aluminio-SZ_frente_brasile_fev2022.jpg","contentUrl":"https:\/\/segafredo.es\/wp-content\/uploads\/2024\/06\/cap-aluminio-SZ_frente_brasile_fev2022.jpg","width":1100,"height":1500},{"@type":"BreadcrumbList","@id":"https:\/\/segafredo.es\/en\/product\/brasil-cx10-capsulas\/#breadcrumb","itemListElement":[{"@type":"ListItem","position":1,"name":"Home","item":"https:\/\/segafredo.es\/en\/"},{"@type":"ListItem","position":2,"name":"Produtos","item":"https:\/\/segafredo.es\/en\/produtos\/"},{"@type":"ListItem","position":3,"name":"Segafredo Brasil 10 c\u00e1psulas"}]},{"@type":"WebSite","@id":"https:\/\/segafredo.es\/en\/#website","url":"https:\/\/segafredo.es\/en\/","name":"Segafredo","description":"","publisher":{"@id":"https:\/\/segafredo.es\/en\/#organization"},"potentialAction":[{"@type":"SearchAction","target":{"@type":"EntryPoint","urlTemplate":"https:\/\/segafredo.es\/en\/?s={search_term_string}"},"query-input":{"@type":"PropertyValueSpecification","valueRequired":true,"valueName":"search_term_string"}}],"inLanguage":"en-GB"},{"@type":"Organization","@id":"https:\/\/segafredo.es\/en\/#organization","name":"Segafredo","url":"https:\/\/segafredo.es\/en\/","logo":{"@type":"ImageObject","inLanguage":"en-GB","@id":"https:\/\/segafredo.es\/en\/#\/schema\/logo\/image\/","url":"https:\/\/segafredo.es\/wp-content\/uploads\/2024\/05\/loudzap-logo-1603185532.png","contentUrl":"https:\/\/segafredo.es\/wp-content\/uploads\/2024\/05\/loudzap-logo-1603185532.png","width":340,"height":176,"caption":"Segafredo"},"image":{"@id":"https:\/\/segafredo.es\/en\/#\/schema\/logo\/image\/"}}]}},"_links":{"self":[{"href":"https:\/\/segafredo.es\/en\/wp-json\/wp\/v2\/product\/283","targetHints":{"allow":["GET"]}}],"collection":[{"href":"https:\/\/segafredo.es\/en\/wp-json\/wp\/v2\/product"}],"about":[{"href":"https:\/\/segafredo.es\/en\/wp-json\/wp\/v2\/types\/product"}],"wp:featuredmedia":[{"embeddable":true,"href":"https:\/\/segafredo.es\/en\/wp-json\/wp\/v2\/media\/302"}],"wp:attachment":[{"href":"https:\/\/segafredo.es\/en\/wp-json\/wp\/v2\/media?parent=283"}],"wp:term":[{"taxonomy":"product_brand","embeddable":true,"href":"https:\/\/segafredo.es\/en\/wp-json\/wp\/v2\/product_brand?post=283"},{"taxonomy":"product_cat","embeddable":true,"href":"https:\/\/segafredo.es\/en\/wp-json\/wp\/v2\/product_cat?post=283"},{"taxonomy":"product_tag","embeddable":true,"href":"https:\/\/segafredo.es\/en\/wp-json\/wp\/v2\/product_tag?post=283"}],"curies":[{"name":"wp","href":"https:\/\/api.w.org\/{rel}","templated":true}]}}