{"id":299,"date":"2024-06-18T09:17:17","date_gmt":"2024-06-18T09:17:17","guid":{"rendered":"https:\/\/segafredo.hdonline.pt\/?post_type=product&#038;p=299"},"modified":"2025-02-14T16:19:57","modified_gmt":"2025-02-14T16:19:57","slug":"descafeinado","status":"publish","type":"product","link":"https:\/\/segafredo.es\/en\/product\/descafeinado\/","title":{"rendered":"Decaffeinated Sachets"},"content":{"rendered":"<p>Exclusive capsules for our Coffee System. This blend maintains the richness of aromas and flavors, providing an exceptional tasting experience at any time of day. With smooth notes and a balanced body, our decaffeinated coffee is perfect for relaxing moments or for those who prefer less caffeine. The delicate crema and silky texture offer a complete and pleasurable experience while maintaining excellence.<\/p>","protected":false},"excerpt":{"rendered":"<p>Exclusive capsules for our Coffee System. This blend maintains the richness of aromas and flavors, providing an exceptional tasting experience at any time of day. With smooth notes and a balanced body, our decaffeinated coffee is perfect for relaxing moments or for those who prefer less caffeine. The delicate crema and silky texture offer a complete and pleasurable experience while maintaining excellence.<\/p>","protected":false},"featured_media":1544,"template":"","meta":[],"product_brand":[],"product_cat":[25],"product_tag":[],"class_list":{"0":"post-299","1":"product","2":"type-product","3":"status-publish","4":"has-post-thumbnail","6":"product_cat-grano-profesional","8":"first","9":"instock","10":"shipping-taxable","11":"product-type-simple"},"yoast_head":"<!-- This site is optimized with the Yoast SEO plugin v26.7 - https:\/\/yoast.com\/wordpress\/plugins\/seo\/ -->\n<title>Descafeinado Sobres - Segafredo<\/title>\n<meta name=\"robots\" content=\"index, follow, max-snippet:-1, max-image-preview:large, max-video-preview:-1\" \/>\n<link rel=\"canonical\" href=\"https:\/\/segafredo.es\/en\/product\/descafeinado\/\" \/>\n<meta property=\"og:locale\" content=\"en_GB\" \/>\n<meta property=\"og:type\" content=\"article\" \/>\n<meta property=\"og:title\" content=\"Descafeinado Sobres - Segafredo\" \/>\n<meta property=\"og:description\" content=\"C\u00e1psulas exclusivas para nuestro Sistema de Caf\u00e9. Esta mezcla mantiene la riqueza de aromas y sabores, proporcionando una experiencia de degustaci\u00f3n excepcional en cualquier momento del d\u00eda. Con notas suaves y un cuerpo equilibrado, nuestro caf\u00e9 descafeinado es perfecto para momentos de relajaci\u00f3n o para quienes prefieren menos cafe\u00edna. La delicada crema y la textura sedosa ofrecen una experiencia completa y placentera manteniendo la excelencia.\" \/>\n<meta property=\"og:url\" content=\"https:\/\/segafredo.es\/en\/product\/descafeinado\/\" \/>\n<meta property=\"og:site_name\" content=\"Segafredo\" \/>\n<meta property=\"article:modified_time\" content=\"2025-02-14T16:19:57+00:00\" \/>\n<meta property=\"og:image\" content=\"https:\/\/segafredo.es\/wp-content\/uploads\/2024\/06\/terramia-esp2_11zon.jpg\" \/>\n\t<meta property=\"og:image:width\" content=\"1100\" \/>\n\t<meta property=\"og:image:height\" content=\"1420\" \/>\n\t<meta property=\"og:image:type\" content=\"image\/jpeg\" \/>\n<meta name=\"twitter:card\" content=\"summary_large_image\" \/>\n<script type=\"application\/ld+json\" class=\"yoast-schema-graph\">{\"@context\":\"https:\/\/schema.org\",\"@graph\":[{\"@type\":\"WebPage\",\"@id\":\"https:\/\/segafredo.es\/en\/product\/descafeinado\/\",\"url\":\"https:\/\/segafredo.es\/en\/product\/descafeinado\/\",\"name\":\"Descafeinado Sobres - Segafredo\",\"isPartOf\":{\"@id\":\"https:\/\/segafredo.es\/en\/#website\"},\"primaryImageOfPage\":{\"@id\":\"https:\/\/segafredo.es\/en\/product\/descafeinado\/#primaryimage\"},\"image\":{\"@id\":\"https:\/\/segafredo.es\/en\/product\/descafeinado\/#primaryimage\"},\"thumbnailUrl\":\"https:\/\/segafredo.es\/wp-content\/uploads\/2024\/06\/terramia-esp2_11zon.jpg\",\"datePublished\":\"2024-06-18T09:17:17+00:00\",\"dateModified\":\"2025-02-14T16:19:57+00:00\",\"breadcrumb\":{\"@id\":\"https:\/\/segafredo.es\/en\/product\/descafeinado\/#breadcrumb\"},\"inLanguage\":\"en-GB\",\"potentialAction\":[{\"@type\":\"ReadAction\",\"target\":[\"https:\/\/segafredo.es\/en\/product\/descafeinado\/\"]}]},{\"@type\":\"ImageObject\",\"inLanguage\":\"en-GB\",\"@id\":\"https:\/\/segafredo.es\/en\/product\/descafeinado\/#primaryimage\",\"url\":\"https:\/\/segafredo.es\/wp-content\/uploads\/2024\/06\/terramia-esp2_11zon.jpg\",\"contentUrl\":\"https:\/\/segafredo.es\/wp-content\/uploads\/2024\/06\/terramia-esp2_11zon.jpg\",\"width\":1100,\"height\":1420},{\"@type\":\"BreadcrumbList\",\"@id\":\"https:\/\/segafredo.es\/en\/product\/descafeinado\/#breadcrumb\",\"itemListElement\":[{\"@type\":\"ListItem\",\"position\":1,\"name\":\"Home\",\"item\":\"https:\/\/segafredo.es\/en\/\"},{\"@type\":\"ListItem\",\"position\":2,\"name\":\"Produtos\",\"item\":\"https:\/\/segafredo.es\/en\/produtos\/\"},{\"@type\":\"ListItem\",\"position\":3,\"name\":\"Descafeinado Sobres\"}]},{\"@type\":\"WebSite\",\"@id\":\"https:\/\/segafredo.es\/en\/#website\",\"url\":\"https:\/\/segafredo.es\/en\/\",\"name\":\"Segafredo\",\"description\":\"\",\"publisher\":{\"@id\":\"https:\/\/segafredo.es\/en\/#organization\"},\"potentialAction\":[{\"@type\":\"SearchAction\",\"target\":{\"@type\":\"EntryPoint\",\"urlTemplate\":\"https:\/\/segafredo.es\/en\/?s={search_term_string}\"},\"query-input\":{\"@type\":\"PropertyValueSpecification\",\"valueRequired\":true,\"valueName\":\"search_term_string\"}}],\"inLanguage\":\"en-GB\"},{\"@type\":\"Organization\",\"@id\":\"https:\/\/segafredo.es\/en\/#organization\",\"name\":\"Segafredo\",\"url\":\"https:\/\/segafredo.es\/en\/\",\"logo\":{\"@type\":\"ImageObject\",\"inLanguage\":\"en-GB\",\"@id\":\"https:\/\/segafredo.es\/en\/#\/schema\/logo\/image\/\",\"url\":\"https:\/\/segafredo.es\/wp-content\/uploads\/2024\/05\/loudzap-logo-1603185532.png\",\"contentUrl\":\"https:\/\/segafredo.es\/wp-content\/uploads\/2024\/05\/loudzap-logo-1603185532.png\",\"width\":340,\"height\":176,\"caption\":\"Segafredo\"},\"image\":{\"@id\":\"https:\/\/segafredo.es\/en\/#\/schema\/logo\/image\/\"}}]}<\/script>\n<!-- \/ Yoast SEO plugin. -->","yoast_head_json":{"title":"Descafeinado Sobres - Segafredo","robots":{"index":"index","follow":"follow","max-snippet":"max-snippet:-1","max-image-preview":"max-image-preview:large","max-video-preview":"max-video-preview:-1"},"canonical":"https:\/\/segafredo.es\/en\/product\/descafeinado\/","og_locale":"en_GB","og_type":"article","og_title":"Descafeinado Sobres - Segafredo","og_description":"C\u00e1psulas exclusivas para nuestro Sistema de Caf\u00e9. Esta mezcla mantiene la riqueza de aromas y sabores, proporcionando una experiencia de degustaci\u00f3n excepcional en cualquier momento del d\u00eda. Con notas suaves y un cuerpo equilibrado, nuestro caf\u00e9 descafeinado es perfecto para momentos de relajaci\u00f3n o para quienes prefieren menos cafe\u00edna. La delicada crema y la textura sedosa ofrecen una experiencia completa y placentera manteniendo la excelencia.","og_url":"https:\/\/segafredo.es\/en\/product\/descafeinado\/","og_site_name":"Segafredo","article_modified_time":"2025-02-14T16:19:57+00:00","og_image":[{"width":1100,"height":1420,"url":"https:\/\/segafredo.es\/wp-content\/uploads\/2024\/06\/terramia-esp2_11zon.jpg","type":"image\/jpeg"}],"twitter_card":"summary_large_image","schema":{"@context":"https:\/\/schema.org","@graph":[{"@type":"WebPage","@id":"https:\/\/segafredo.es\/en\/product\/descafeinado\/","url":"https:\/\/segafredo.es\/en\/product\/descafeinado\/","name":"Descafeinado Sobres - Segafredo","isPartOf":{"@id":"https:\/\/segafredo.es\/en\/#website"},"primaryImageOfPage":{"@id":"https:\/\/segafredo.es\/en\/product\/descafeinado\/#primaryimage"},"image":{"@id":"https:\/\/segafredo.es\/en\/product\/descafeinado\/#primaryimage"},"thumbnailUrl":"https:\/\/segafredo.es\/wp-content\/uploads\/2024\/06\/terramia-esp2_11zon.jpg","datePublished":"2024-06-18T09:17:17+00:00","dateModified":"2025-02-14T16:19:57+00:00","breadcrumb":{"@id":"https:\/\/segafredo.es\/en\/product\/descafeinado\/#breadcrumb"},"inLanguage":"en-GB","potentialAction":[{"@type":"ReadAction","target":["https:\/\/segafredo.es\/en\/product\/descafeinado\/"]}]},{"@type":"ImageObject","inLanguage":"en-GB","@id":"https:\/\/segafredo.es\/en\/product\/descafeinado\/#primaryimage","url":"https:\/\/segafredo.es\/wp-content\/uploads\/2024\/06\/terramia-esp2_11zon.jpg","contentUrl":"https:\/\/segafredo.es\/wp-content\/uploads\/2024\/06\/terramia-esp2_11zon.jpg","width":1100,"height":1420},{"@type":"BreadcrumbList","@id":"https:\/\/segafredo.es\/en\/product\/descafeinado\/#breadcrumb","itemListElement":[{"@type":"ListItem","position":1,"name":"Home","item":"https:\/\/segafredo.es\/en\/"},{"@type":"ListItem","position":2,"name":"Produtos","item":"https:\/\/segafredo.es\/en\/produtos\/"},{"@type":"ListItem","position":3,"name":"Descafeinado Sobres"}]},{"@type":"WebSite","@id":"https:\/\/segafredo.es\/en\/#website","url":"https:\/\/segafredo.es\/en\/","name":"Segafredo","description":"","publisher":{"@id":"https:\/\/segafredo.es\/en\/#organization"},"potentialAction":[{"@type":"SearchAction","target":{"@type":"EntryPoint","urlTemplate":"https:\/\/segafredo.es\/en\/?s={search_term_string}"},"query-input":{"@type":"PropertyValueSpecification","valueRequired":true,"valueName":"search_term_string"}}],"inLanguage":"en-GB"},{"@type":"Organization","@id":"https:\/\/segafredo.es\/en\/#organization","name":"Segafredo","url":"https:\/\/segafredo.es\/en\/","logo":{"@type":"ImageObject","inLanguage":"en-GB","@id":"https:\/\/segafredo.es\/en\/#\/schema\/logo\/image\/","url":"https:\/\/segafredo.es\/wp-content\/uploads\/2024\/05\/loudzap-logo-1603185532.png","contentUrl":"https:\/\/segafredo.es\/wp-content\/uploads\/2024\/05\/loudzap-logo-1603185532.png","width":340,"height":176,"caption":"Segafredo"},"image":{"@id":"https:\/\/segafredo.es\/en\/#\/schema\/logo\/image\/"}}]}},"_links":{"self":[{"href":"https:\/\/segafredo.es\/en\/wp-json\/wp\/v2\/product\/299","targetHints":{"allow":["GET"]}}],"collection":[{"href":"https:\/\/segafredo.es\/en\/wp-json\/wp\/v2\/product"}],"about":[{"href":"https:\/\/segafredo.es\/en\/wp-json\/wp\/v2\/types\/product"}],"wp:featuredmedia":[{"embeddable":true,"href":"https:\/\/segafredo.es\/en\/wp-json\/wp\/v2\/media\/1544"}],"wp:attachment":[{"href":"https:\/\/segafredo.es\/en\/wp-json\/wp\/v2\/media?parent=299"}],"wp:term":[{"taxonomy":"product_brand","embeddable":true,"href":"https:\/\/segafredo.es\/en\/wp-json\/wp\/v2\/product_brand?post=299"},{"taxonomy":"product_cat","embeddable":true,"href":"https:\/\/segafredo.es\/en\/wp-json\/wp\/v2\/product_cat?post=299"},{"taxonomy":"product_tag","embeddable":true,"href":"https:\/\/segafredo.es\/en\/wp-json\/wp\/v2\/product_tag?post=299"}],"curies":[{"name":"wp","href":"https:\/\/api.w.org\/{rel}","templated":true}]}}