{"id":745,"date":"2024-08-05T18:32:53","date_gmt":"2024-08-05T18:32:53","guid":{"rendered":"https:\/\/segafredo.hdonline.pt\/?post_type=product&#038;p=745"},"modified":"2025-03-29T21:14:57","modified_gmt":"2025-03-29T21:14:57","slug":"le-origini-peru","status":"publish","type":"product","link":"https:\/\/segafredo.es\/en\/product\/le-origini-peru\/","title":{"rendered":"Le Origini Per\u00fa"},"content":{"rendered":"<p>The unique microclimate of the Peruvian highlands offers the perfect conditions for creating a rich and intense espresso, enhanced by delicate nuances of chocolate and enveloping caramel notes. With a full body, velvety texture, and distinctive ripeness, this coffee presents an aromatic and delicate flavor that provides a truly exceptional experience.<\/p>\n<p>&nbsp;<\/p>\n<p>Roasted and ground coffee in single-dose capsules, packaged in a protective atmosphere.<\/p>\n<p>Number of capsules per box: 50 units.<\/p>\n<p>Weight of each capsule: 6 grams.<\/p>\n<p>Capsules exclusively compatible with the entire range of Segafredo Zanetti Coffee System machines<\/p>","protected":false},"excerpt":{"rendered":"<p>The unique microclimate of the Peruvian highlands offers the perfect conditions for creating a rich and intense espresso, enhanced by delicate nuances of chocolate and enveloping caramel notes. With a full body, velvety texture, and distinctive ripeness, this coffee presents an aromatic and delicate flavor that provides a truly exceptional experience.<\/p>\n<p>&nbsp;<\/p>\n<p>Roasted and ground coffee in single-dose capsules, packaged in a protective atmosphere.<\/p>\n<p>Number of capsules per box: 50 units.<\/p>\n<p>Weight of each capsule: 6 grams.<\/p>\n<p>Capsules exclusively compatible with the entire range of Segafredo Zanetti Coffee System machines<\/p>","protected":false},"featured_media":1587,"template":"","meta":[],"product_brand":[],"product_cat":[26],"product_tag":[],"class_list":{"0":"post-745","1":"product","2":"type-product","3":"status-publish","4":"has-post-thumbnail","6":"product_cat-coffee-system","8":"first","9":"instock","10":"shipping-taxable","11":"product-type-simple"},"yoast_head":"<!-- This site is optimized with the Yoast SEO plugin v26.7 - https:\/\/yoast.com\/wordpress\/plugins\/seo\/ -->\n<title>Le Origini Per\u00fa - Segafredo<\/title>\n<meta name=\"robots\" content=\"index, follow, max-snippet:-1, max-image-preview:large, max-video-preview:-1\" \/>\n<link rel=\"canonical\" href=\"https:\/\/segafredo.es\/en\/product\/le-origini-peru\/\" \/>\n<meta property=\"og:locale\" content=\"en_GB\" \/>\n<meta property=\"og:type\" content=\"article\" \/>\n<meta property=\"og:title\" content=\"Le Origini Per\u00fa - Segafredo\" \/>\n<meta property=\"og:description\" content=\"El microclima \u00fanico de la sierra peruana ofrece las condiciones perfectas para crear un espresso rico e intenso, realzado por delicados matices de chocolate y notas envolventes de caramelo. Con un cuerpo completo, una textura aterciopelada y una madurez distintiva, este caf\u00e9 presenta un sabor arom\u00e1tico y delicado que proporciona una experiencia verdaderamente excepcional.  &nbsp;  Caf\u00e9 tostado y molido en c\u00e1psulas monodosis, envasado en atm\u00f3sfera protectora.  Cantidad de c\u00e1psulas por caja: 50 unidades.  Peso de cada c\u00e1psula: 6 gramos.  C\u00e1psulas compatibles exclusivamente con toda la gama de m\u00e1quinas Segafredo Zanetti Coffee System\" \/>\n<meta property=\"og:url\" content=\"https:\/\/segafredo.es\/en\/product\/le-origini-peru\/\" \/>\n<meta property=\"og:site_name\" content=\"Segafredo\" \/>\n<meta property=\"article:modified_time\" content=\"2025-03-29T21:14:57+00:00\" \/>\n<meta property=\"og:image\" content=\"https:\/\/segafredo.es\/wp-content\/uploads\/2024\/08\/cap-peru-1.jpg\" \/>\n\t<meta property=\"og:image:width\" content=\"1100\" \/>\n\t<meta property=\"og:image:height\" content=\"1500\" \/>\n\t<meta property=\"og:image:type\" content=\"image\/jpeg\" \/>\n<meta name=\"twitter:card\" content=\"summary_large_image\" \/>\n<script type=\"application\/ld+json\" class=\"yoast-schema-graph\">{\"@context\":\"https:\/\/schema.org\",\"@graph\":[{\"@type\":\"WebPage\",\"@id\":\"https:\/\/segafredo.es\/en\/product\/le-origini-peru\/\",\"url\":\"https:\/\/segafredo.es\/en\/product\/le-origini-peru\/\",\"name\":\"Le Origini Per\u00fa - Segafredo\",\"isPartOf\":{\"@id\":\"https:\/\/segafredo.es\/en\/#website\"},\"primaryImageOfPage\":{\"@id\":\"https:\/\/segafredo.es\/en\/product\/le-origini-peru\/#primaryimage\"},\"image\":{\"@id\":\"https:\/\/segafredo.es\/en\/product\/le-origini-peru\/#primaryimage\"},\"thumbnailUrl\":\"https:\/\/segafredo.es\/wp-content\/uploads\/2024\/08\/cap-peru-1.jpg\",\"datePublished\":\"2024-08-05T18:32:53+00:00\",\"dateModified\":\"2025-03-29T21:14:57+00:00\",\"breadcrumb\":{\"@id\":\"https:\/\/segafredo.es\/en\/product\/le-origini-peru\/#breadcrumb\"},\"inLanguage\":\"en-GB\",\"potentialAction\":[{\"@type\":\"ReadAction\",\"target\":[\"https:\/\/segafredo.es\/en\/product\/le-origini-peru\/\"]}]},{\"@type\":\"ImageObject\",\"inLanguage\":\"en-GB\",\"@id\":\"https:\/\/segafredo.es\/en\/product\/le-origini-peru\/#primaryimage\",\"url\":\"https:\/\/segafredo.es\/wp-content\/uploads\/2024\/08\/cap-peru-1.jpg\",\"contentUrl\":\"https:\/\/segafredo.es\/wp-content\/uploads\/2024\/08\/cap-peru-1.jpg\",\"width\":1100,\"height\":1500},{\"@type\":\"BreadcrumbList\",\"@id\":\"https:\/\/segafredo.es\/en\/product\/le-origini-peru\/#breadcrumb\",\"itemListElement\":[{\"@type\":\"ListItem\",\"position\":1,\"name\":\"Home\",\"item\":\"https:\/\/segafredo.es\/en\/\"},{\"@type\":\"ListItem\",\"position\":2,\"name\":\"Produtos\",\"item\":\"https:\/\/segafredo.es\/en\/produtos\/\"},{\"@type\":\"ListItem\",\"position\":3,\"name\":\"Le Origini Per\u00fa\"}]},{\"@type\":\"WebSite\",\"@id\":\"https:\/\/segafredo.es\/en\/#website\",\"url\":\"https:\/\/segafredo.es\/en\/\",\"name\":\"Segafredo\",\"description\":\"\",\"publisher\":{\"@id\":\"https:\/\/segafredo.es\/en\/#organization\"},\"potentialAction\":[{\"@type\":\"SearchAction\",\"target\":{\"@type\":\"EntryPoint\",\"urlTemplate\":\"https:\/\/segafredo.es\/en\/?s={search_term_string}\"},\"query-input\":{\"@type\":\"PropertyValueSpecification\",\"valueRequired\":true,\"valueName\":\"search_term_string\"}}],\"inLanguage\":\"en-GB\"},{\"@type\":\"Organization\",\"@id\":\"https:\/\/segafredo.es\/en\/#organization\",\"name\":\"Segafredo\",\"url\":\"https:\/\/segafredo.es\/en\/\",\"logo\":{\"@type\":\"ImageObject\",\"inLanguage\":\"en-GB\",\"@id\":\"https:\/\/segafredo.es\/en\/#\/schema\/logo\/image\/\",\"url\":\"https:\/\/segafredo.es\/wp-content\/uploads\/2024\/05\/loudzap-logo-1603185532.png\",\"contentUrl\":\"https:\/\/segafredo.es\/wp-content\/uploads\/2024\/05\/loudzap-logo-1603185532.png\",\"width\":340,\"height\":176,\"caption\":\"Segafredo\"},\"image\":{\"@id\":\"https:\/\/segafredo.es\/en\/#\/schema\/logo\/image\/\"}}]}<\/script>\n<!-- \/ Yoast SEO plugin. -->","yoast_head_json":{"title":"Le Origini Per\u00fa - Segafredo","robots":{"index":"index","follow":"follow","max-snippet":"max-snippet:-1","max-image-preview":"max-image-preview:large","max-video-preview":"max-video-preview:-1"},"canonical":"https:\/\/segafredo.es\/en\/product\/le-origini-peru\/","og_locale":"en_GB","og_type":"article","og_title":"Le Origini Per\u00fa - Segafredo","og_description":"El microclima \u00fanico de la sierra peruana ofrece las condiciones perfectas para crear un espresso rico e intenso, realzado por delicados matices de chocolate y notas envolventes de caramelo. Con un cuerpo completo, una textura aterciopelada y una madurez distintiva, este caf\u00e9 presenta un sabor arom\u00e1tico y delicado que proporciona una experiencia verdaderamente excepcional.  &nbsp;  Caf\u00e9 tostado y molido en c\u00e1psulas monodosis, envasado en atm\u00f3sfera protectora.  Cantidad de c\u00e1psulas por caja: 50 unidades.  Peso de cada c\u00e1psula: 6 gramos.  C\u00e1psulas compatibles exclusivamente con toda la gama de m\u00e1quinas Segafredo Zanetti Coffee System","og_url":"https:\/\/segafredo.es\/en\/product\/le-origini-peru\/","og_site_name":"Segafredo","article_modified_time":"2025-03-29T21:14:57+00:00","og_image":[{"width":1100,"height":1500,"url":"https:\/\/segafredo.es\/wp-content\/uploads\/2024\/08\/cap-peru-1.jpg","type":"image\/jpeg"}],"twitter_card":"summary_large_image","schema":{"@context":"https:\/\/schema.org","@graph":[{"@type":"WebPage","@id":"https:\/\/segafredo.es\/en\/product\/le-origini-peru\/","url":"https:\/\/segafredo.es\/en\/product\/le-origini-peru\/","name":"Le Origini Per\u00fa - Segafredo","isPartOf":{"@id":"https:\/\/segafredo.es\/en\/#website"},"primaryImageOfPage":{"@id":"https:\/\/segafredo.es\/en\/product\/le-origini-peru\/#primaryimage"},"image":{"@id":"https:\/\/segafredo.es\/en\/product\/le-origini-peru\/#primaryimage"},"thumbnailUrl":"https:\/\/segafredo.es\/wp-content\/uploads\/2024\/08\/cap-peru-1.jpg","datePublished":"2024-08-05T18:32:53+00:00","dateModified":"2025-03-29T21:14:57+00:00","breadcrumb":{"@id":"https:\/\/segafredo.es\/en\/product\/le-origini-peru\/#breadcrumb"},"inLanguage":"en-GB","potentialAction":[{"@type":"ReadAction","target":["https:\/\/segafredo.es\/en\/product\/le-origini-peru\/"]}]},{"@type":"ImageObject","inLanguage":"en-GB","@id":"https:\/\/segafredo.es\/en\/product\/le-origini-peru\/#primaryimage","url":"https:\/\/segafredo.es\/wp-content\/uploads\/2024\/08\/cap-peru-1.jpg","contentUrl":"https:\/\/segafredo.es\/wp-content\/uploads\/2024\/08\/cap-peru-1.jpg","width":1100,"height":1500},{"@type":"BreadcrumbList","@id":"https:\/\/segafredo.es\/en\/product\/le-origini-peru\/#breadcrumb","itemListElement":[{"@type":"ListItem","position":1,"name":"Home","item":"https:\/\/segafredo.es\/en\/"},{"@type":"ListItem","position":2,"name":"Produtos","item":"https:\/\/segafredo.es\/en\/produtos\/"},{"@type":"ListItem","position":3,"name":"Le Origini Per\u00fa"}]},{"@type":"WebSite","@id":"https:\/\/segafredo.es\/en\/#website","url":"https:\/\/segafredo.es\/en\/","name":"Segafredo","description":"","publisher":{"@id":"https:\/\/segafredo.es\/en\/#organization"},"potentialAction":[{"@type":"SearchAction","target":{"@type":"EntryPoint","urlTemplate":"https:\/\/segafredo.es\/en\/?s={search_term_string}"},"query-input":{"@type":"PropertyValueSpecification","valueRequired":true,"valueName":"search_term_string"}}],"inLanguage":"en-GB"},{"@type":"Organization","@id":"https:\/\/segafredo.es\/en\/#organization","name":"Segafredo","url":"https:\/\/segafredo.es\/en\/","logo":{"@type":"ImageObject","inLanguage":"en-GB","@id":"https:\/\/segafredo.es\/en\/#\/schema\/logo\/image\/","url":"https:\/\/segafredo.es\/wp-content\/uploads\/2024\/05\/loudzap-logo-1603185532.png","contentUrl":"https:\/\/segafredo.es\/wp-content\/uploads\/2024\/05\/loudzap-logo-1603185532.png","width":340,"height":176,"caption":"Segafredo"},"image":{"@id":"https:\/\/segafredo.es\/en\/#\/schema\/logo\/image\/"}}]}},"_links":{"self":[{"href":"https:\/\/segafredo.es\/en\/wp-json\/wp\/v2\/product\/745","targetHints":{"allow":["GET"]}}],"collection":[{"href":"https:\/\/segafredo.es\/en\/wp-json\/wp\/v2\/product"}],"about":[{"href":"https:\/\/segafredo.es\/en\/wp-json\/wp\/v2\/types\/product"}],"wp:featuredmedia":[{"embeddable":true,"href":"https:\/\/segafredo.es\/en\/wp-json\/wp\/v2\/media\/1587"}],"wp:attachment":[{"href":"https:\/\/segafredo.es\/en\/wp-json\/wp\/v2\/media?parent=745"}],"wp:term":[{"taxonomy":"product_brand","embeddable":true,"href":"https:\/\/segafredo.es\/en\/wp-json\/wp\/v2\/product_brand?post=745"},{"taxonomy":"product_cat","embeddable":true,"href":"https:\/\/segafredo.es\/en\/wp-json\/wp\/v2\/product_cat?post=745"},{"taxonomy":"product_tag","embeddable":true,"href":"https:\/\/segafredo.es\/en\/wp-json\/wp\/v2\/product_tag?post=745"}],"curies":[{"name":"wp","href":"https:\/\/api.w.org\/{rel}","templated":true}]}}