{"id":823,"date":"2024-08-05T19:28:56","date_gmt":"2024-08-05T19:28:56","guid":{"rendered":"https:\/\/segafredo.hdonline.pt\/?post_type=product&#038;p=823"},"modified":"2025-02-14T16:31:13","modified_gmt":"2025-02-14T16:31:13","slug":"cha-early-grey","status":"publish","type":"product","link":"https:\/\/segafredo.es\/en\/product\/cha-early-grey\/","title":{"rendered":"Early Grey Tea"},"content":{"rendered":"<p>Quintessentially British, this tea takes its name from the second Earl Grey and is distinguished by its elegant flavor, delicately scented with the citrusy note of bergamot. Our blend of fine teas makes it a most refreshing beverage, which can be enjoyed with or without milk, or with a slice of lemon for a more zesty touch.<\/p>","protected":false},"excerpt":{"rendered":"<p>Quintessentially British, this tea takes its name from the second Earl Grey and is distinguished by its elegant flavor, delicately scented with the citrusy note of bergamot. Our blend of fine teas makes it a most refreshing beverage, which can be enjoyed with or without milk, or with a slice of lemon for a more zesty touch.<\/p>","protected":false},"featured_media":784,"template":"","meta":[],"product_brand":[],"product_cat":[40],"product_tag":[],"class_list":{"0":"post-823","1":"product","2":"type-product","3":"status-publish","4":"has-post-thumbnail","6":"product_cat-tes","8":"first","9":"instock","10":"shipping-taxable","11":"product-type-simple"},"yoast_head":"<!-- This site is optimized with the Yoast SEO plugin v26.7 - https:\/\/yoast.com\/wordpress\/plugins\/seo\/ -->\n<title>T\u00e9 Early Grey - Segafredo<\/title>\n<meta name=\"robots\" content=\"index, follow, max-snippet:-1, max-image-preview:large, max-video-preview:-1\" \/>\n<link rel=\"canonical\" href=\"https:\/\/segafredo.es\/en\/product\/cha-early-grey\/\" \/>\n<meta property=\"og:locale\" content=\"en_GB\" \/>\n<meta property=\"og:type\" content=\"article\" \/>\n<meta property=\"og:title\" content=\"T\u00e9 Early Grey - Segafredo\" \/>\n<meta property=\"og:description\" content=\"Quintaesencia brit\u00e1nica, este t\u00e9 toma su nombre del segundo Earl Grey y se distingue por su elegante sabor, delicadamente perfumado con el toque c\u00edtrico de la bergamota. Nuestra mezcla de finos t\u00e9s lo convierte en una bebida de lo m\u00e1s refrescante, que puede tomarse con o sin leche, o con una rodaja de lim\u00f3n para darle un toque m\u00e1s c\u00edtrico.\" \/>\n<meta property=\"og:url\" content=\"https:\/\/segafredo.es\/en\/product\/cha-early-grey\/\" \/>\n<meta property=\"og:site_name\" content=\"Segafredo\" \/>\n<meta property=\"article:modified_time\" content=\"2025-02-14T16:31:13+00:00\" \/>\n<meta property=\"og:image\" content=\"https:\/\/segafredo.es\/wp-content\/uploads\/2024\/08\/earlgrey2.png\" \/>\n\t<meta property=\"og:image:width\" content=\"1100\" \/>\n\t<meta property=\"og:image:height\" content=\"1422\" \/>\n\t<meta property=\"og:image:type\" content=\"image\/png\" \/>\n<meta name=\"twitter:card\" content=\"summary_large_image\" \/>\n<script type=\"application\/ld+json\" class=\"yoast-schema-graph\">{\"@context\":\"https:\/\/schema.org\",\"@graph\":[{\"@type\":\"WebPage\",\"@id\":\"https:\/\/segafredo.es\/product\/cha-early-grey\/\",\"url\":\"https:\/\/segafredo.es\/product\/cha-early-grey\/\",\"name\":\"T\u00e9 Early Grey - Segafredo\",\"isPartOf\":{\"@id\":\"https:\/\/segafredo.es\/en\/#website\"},\"primaryImageOfPage\":{\"@id\":\"https:\/\/segafredo.es\/product\/cha-early-grey\/#primaryimage\"},\"image\":{\"@id\":\"https:\/\/segafredo.es\/product\/cha-early-grey\/#primaryimage\"},\"thumbnailUrl\":\"https:\/\/segafredo.es\/wp-content\/uploads\/2024\/08\/earlgrey2.png\",\"datePublished\":\"2024-08-05T19:28:56+00:00\",\"dateModified\":\"2025-02-14T16:31:13+00:00\",\"breadcrumb\":{\"@id\":\"https:\/\/segafredo.es\/product\/cha-early-grey\/#breadcrumb\"},\"inLanguage\":\"en-GB\",\"potentialAction\":[{\"@type\":\"ReadAction\",\"target\":[\"https:\/\/segafredo.es\/product\/cha-early-grey\/\"]}]},{\"@type\":\"ImageObject\",\"inLanguage\":\"en-GB\",\"@id\":\"https:\/\/segafredo.es\/product\/cha-early-grey\/#primaryimage\",\"url\":\"https:\/\/segafredo.es\/wp-content\/uploads\/2024\/08\/earlgrey2.png\",\"contentUrl\":\"https:\/\/segafredo.es\/wp-content\/uploads\/2024\/08\/earlgrey2.png\",\"width\":1100,\"height\":1422},{\"@type\":\"BreadcrumbList\",\"@id\":\"https:\/\/segafredo.es\/product\/cha-early-grey\/#breadcrumb\",\"itemListElement\":[{\"@type\":\"ListItem\",\"position\":1,\"name\":\"Home\",\"item\":\"https:\/\/segafredo.es\/en\/\"},{\"@type\":\"ListItem\",\"position\":2,\"name\":\"Produtos\",\"item\":\"https:\/\/segafredo.es\/en\/produtos\/\"},{\"@type\":\"ListItem\",\"position\":3,\"name\":\"T\u00e9 Early Grey\"}]},{\"@type\":\"WebSite\",\"@id\":\"https:\/\/segafredo.es\/en\/#website\",\"url\":\"https:\/\/segafredo.es\/en\/\",\"name\":\"Segafredo\",\"description\":\"\",\"publisher\":{\"@id\":\"https:\/\/segafredo.es\/en\/#organization\"},\"potentialAction\":[{\"@type\":\"SearchAction\",\"target\":{\"@type\":\"EntryPoint\",\"urlTemplate\":\"https:\/\/segafredo.es\/en\/?s={search_term_string}\"},\"query-input\":{\"@type\":\"PropertyValueSpecification\",\"valueRequired\":true,\"valueName\":\"search_term_string\"}}],\"inLanguage\":\"en-GB\"},{\"@type\":\"Organization\",\"@id\":\"https:\/\/segafredo.es\/en\/#organization\",\"name\":\"Segafredo\",\"url\":\"https:\/\/segafredo.es\/en\/\",\"logo\":{\"@type\":\"ImageObject\",\"inLanguage\":\"en-GB\",\"@id\":\"https:\/\/segafredo.es\/en\/#\/schema\/logo\/image\/\",\"url\":\"https:\/\/segafredo.es\/wp-content\/uploads\/2024\/05\/loudzap-logo-1603185532.png\",\"contentUrl\":\"https:\/\/segafredo.es\/wp-content\/uploads\/2024\/05\/loudzap-logo-1603185532.png\",\"width\":340,\"height\":176,\"caption\":\"Segafredo\"},\"image\":{\"@id\":\"https:\/\/segafredo.es\/en\/#\/schema\/logo\/image\/\"}}]}<\/script>\n<!-- \/ Yoast SEO plugin. -->","yoast_head_json":{"title":"T\u00e9 Early Grey - Segafredo","robots":{"index":"index","follow":"follow","max-snippet":"max-snippet:-1","max-image-preview":"max-image-preview:large","max-video-preview":"max-video-preview:-1"},"canonical":"https:\/\/segafredo.es\/en\/product\/cha-early-grey\/","og_locale":"en_GB","og_type":"article","og_title":"T\u00e9 Early Grey - Segafredo","og_description":"Quintaesencia brit\u00e1nica, este t\u00e9 toma su nombre del segundo Earl Grey y se distingue por su elegante sabor, delicadamente perfumado con el toque c\u00edtrico de la bergamota. Nuestra mezcla de finos t\u00e9s lo convierte en una bebida de lo m\u00e1s refrescante, que puede tomarse con o sin leche, o con una rodaja de lim\u00f3n para darle un toque m\u00e1s c\u00edtrico.","og_url":"https:\/\/segafredo.es\/en\/product\/cha-early-grey\/","og_site_name":"Segafredo","article_modified_time":"2025-02-14T16:31:13+00:00","og_image":[{"width":1100,"height":1422,"url":"https:\/\/segafredo.es\/wp-content\/uploads\/2024\/08\/earlgrey2.png","type":"image\/png"}],"twitter_card":"summary_large_image","schema":{"@context":"https:\/\/schema.org","@graph":[{"@type":"WebPage","@id":"https:\/\/segafredo.es\/product\/cha-early-grey\/","url":"https:\/\/segafredo.es\/product\/cha-early-grey\/","name":"T\u00e9 Early Grey - Segafredo","isPartOf":{"@id":"https:\/\/segafredo.es\/en\/#website"},"primaryImageOfPage":{"@id":"https:\/\/segafredo.es\/product\/cha-early-grey\/#primaryimage"},"image":{"@id":"https:\/\/segafredo.es\/product\/cha-early-grey\/#primaryimage"},"thumbnailUrl":"https:\/\/segafredo.es\/wp-content\/uploads\/2024\/08\/earlgrey2.png","datePublished":"2024-08-05T19:28:56+00:00","dateModified":"2025-02-14T16:31:13+00:00","breadcrumb":{"@id":"https:\/\/segafredo.es\/product\/cha-early-grey\/#breadcrumb"},"inLanguage":"en-GB","potentialAction":[{"@type":"ReadAction","target":["https:\/\/segafredo.es\/product\/cha-early-grey\/"]}]},{"@type":"ImageObject","inLanguage":"en-GB","@id":"https:\/\/segafredo.es\/product\/cha-early-grey\/#primaryimage","url":"https:\/\/segafredo.es\/wp-content\/uploads\/2024\/08\/earlgrey2.png","contentUrl":"https:\/\/segafredo.es\/wp-content\/uploads\/2024\/08\/earlgrey2.png","width":1100,"height":1422},{"@type":"BreadcrumbList","@id":"https:\/\/segafredo.es\/product\/cha-early-grey\/#breadcrumb","itemListElement":[{"@type":"ListItem","position":1,"name":"Home","item":"https:\/\/segafredo.es\/en\/"},{"@type":"ListItem","position":2,"name":"Produtos","item":"https:\/\/segafredo.es\/en\/produtos\/"},{"@type":"ListItem","position":3,"name":"T\u00e9 Early Grey"}]},{"@type":"WebSite","@id":"https:\/\/segafredo.es\/en\/#website","url":"https:\/\/segafredo.es\/en\/","name":"Segafredo","description":"","publisher":{"@id":"https:\/\/segafredo.es\/en\/#organization"},"potentialAction":[{"@type":"SearchAction","target":{"@type":"EntryPoint","urlTemplate":"https:\/\/segafredo.es\/en\/?s={search_term_string}"},"query-input":{"@type":"PropertyValueSpecification","valueRequired":true,"valueName":"search_term_string"}}],"inLanguage":"en-GB"},{"@type":"Organization","@id":"https:\/\/segafredo.es\/en\/#organization","name":"Segafredo","url":"https:\/\/segafredo.es\/en\/","logo":{"@type":"ImageObject","inLanguage":"en-GB","@id":"https:\/\/segafredo.es\/en\/#\/schema\/logo\/image\/","url":"https:\/\/segafredo.es\/wp-content\/uploads\/2024\/05\/loudzap-logo-1603185532.png","contentUrl":"https:\/\/segafredo.es\/wp-content\/uploads\/2024\/05\/loudzap-logo-1603185532.png","width":340,"height":176,"caption":"Segafredo"},"image":{"@id":"https:\/\/segafredo.es\/en\/#\/schema\/logo\/image\/"}}]}},"_links":{"self":[{"href":"https:\/\/segafredo.es\/en\/wp-json\/wp\/v2\/product\/823","targetHints":{"allow":["GET"]}}],"collection":[{"href":"https:\/\/segafredo.es\/en\/wp-json\/wp\/v2\/product"}],"about":[{"href":"https:\/\/segafredo.es\/en\/wp-json\/wp\/v2\/types\/product"}],"wp:featuredmedia":[{"embeddable":true,"href":"https:\/\/segafredo.es\/en\/wp-json\/wp\/v2\/media\/784"}],"wp:attachment":[{"href":"https:\/\/segafredo.es\/en\/wp-json\/wp\/v2\/media?parent=823"}],"wp:term":[{"taxonomy":"product_brand","embeddable":true,"href":"https:\/\/segafredo.es\/en\/wp-json\/wp\/v2\/product_brand?post=823"},{"taxonomy":"product_cat","embeddable":true,"href":"https:\/\/segafredo.es\/en\/wp-json\/wp\/v2\/product_cat?post=823"},{"taxonomy":"product_tag","embeddable":true,"href":"https:\/\/segafredo.es\/en\/wp-json\/wp\/v2\/product_tag?post=823"}],"curies":[{"name":"wp","href":"https:\/\/api.w.org\/{rel}","templated":true}]}}