{"id":826,"date":"2024-08-05T19:32:53","date_gmt":"2024-08-05T19:32:53","guid":{"rendered":"https:\/\/segafredo.hdonline.pt\/?post_type=product&#038;p=826"},"modified":"2025-02-14T16:29:42","modified_gmt":"2025-02-14T16:29:42","slug":"cha-breakfast","status":"publish","type":"product","link":"https:\/\/segafredo.es\/en\/product\/cha-breakfast\/","title":{"rendered":"Breakfast Tea"},"content":{"rendered":"<p>Brodies first blended a breakfast tea 140 years ago, and today they combine high-quality black teas from Assam and Kenya to produce a classic breakfast blend. Bright, energetic, and full of malt flavor to invigorate the taste buds first thing in the morning. A must for a civilized start to the day.<\/p>","protected":false},"excerpt":{"rendered":"<p>Brodies first blended a breakfast tea 140 years ago, and today they combine high-quality black teas from Assam and Kenya to produce a classic breakfast blend. Bright, energetic, and full of malt flavor to invigorate the taste buds first thing in the morning. A must for a civilized start to the day.<\/p>","protected":false},"featured_media":770,"template":"","meta":[],"product_brand":[],"product_cat":[40],"product_tag":[],"class_list":{"0":"post-826","1":"product","2":"type-product","3":"status-publish","4":"has-post-thumbnail","6":"product_cat-tes","8":"first","9":"instock","10":"shipping-taxable","11":"product-type-simple"},"yoast_head":"<!-- This site is optimized with the Yoast SEO plugin v26.7 - https:\/\/yoast.com\/wordpress\/plugins\/seo\/ -->\n<title>T\u00e9 Breakfast - Segafredo<\/title>\n<meta name=\"robots\" content=\"index, follow, max-snippet:-1, max-image-preview:large, max-video-preview:-1\" \/>\n<link rel=\"canonical\" href=\"https:\/\/segafredo.es\/en\/product\/cha-breakfast\/\" \/>\n<meta property=\"og:locale\" content=\"en_GB\" \/>\n<meta property=\"og:type\" content=\"article\" \/>\n<meta property=\"og:title\" content=\"T\u00e9 Breakfast - Segafredo\" \/>\n<meta property=\"og:description\" content=\"Brodies mezcl\u00f3 por primera vez un t\u00e9 para el desayuno hace 140 a\u00f1os, y hoy en d\u00eda se combinan t\u00e9s negros de alta calidad de Assam y Kenia para producir una mezcla cl\u00e1sica para el desayuno. Brillante, en\u00e9rgico y lleno de sabor a malta para vigorizar las papilas gustativas a primera hora de la ma\u00f1ana. Indispensable para empezar el d\u00eda civilizadamente.\" \/>\n<meta property=\"og:url\" content=\"https:\/\/segafredo.es\/en\/product\/cha-breakfast\/\" \/>\n<meta property=\"og:site_name\" content=\"Segafredo\" \/>\n<meta property=\"article:modified_time\" content=\"2025-02-14T16:29:42+00:00\" \/>\n<meta property=\"og:image\" content=\"https:\/\/segafredo.es\/wp-content\/uploads\/2024\/08\/breakfast2.png\" \/>\n\t<meta property=\"og:image:width\" content=\"1100\" \/>\n\t<meta property=\"og:image:height\" content=\"1422\" \/>\n\t<meta property=\"og:image:type\" content=\"image\/png\" \/>\n<meta name=\"twitter:card\" content=\"summary_large_image\" \/>\n<script type=\"application\/ld+json\" class=\"yoast-schema-graph\">{\"@context\":\"https:\/\/schema.org\",\"@graph\":[{\"@type\":\"WebPage\",\"@id\":\"https:\/\/segafredo.es\/en\/product\/cha-breakfast\/\",\"url\":\"https:\/\/segafredo.es\/en\/product\/cha-breakfast\/\",\"name\":\"T\u00e9 Breakfast - Segafredo\",\"isPartOf\":{\"@id\":\"https:\/\/segafredo.es\/en\/#website\"},\"primaryImageOfPage\":{\"@id\":\"https:\/\/segafredo.es\/en\/product\/cha-breakfast\/#primaryimage\"},\"image\":{\"@id\":\"https:\/\/segafredo.es\/en\/product\/cha-breakfast\/#primaryimage\"},\"thumbnailUrl\":\"https:\/\/segafredo.es\/wp-content\/uploads\/2024\/08\/breakfast2.png\",\"datePublished\":\"2024-08-05T19:32:53+00:00\",\"dateModified\":\"2025-02-14T16:29:42+00:00\",\"breadcrumb\":{\"@id\":\"https:\/\/segafredo.es\/en\/product\/cha-breakfast\/#breadcrumb\"},\"inLanguage\":\"en-GB\",\"potentialAction\":[{\"@type\":\"ReadAction\",\"target\":[\"https:\/\/segafredo.es\/en\/product\/cha-breakfast\/\"]}]},{\"@type\":\"ImageObject\",\"inLanguage\":\"en-GB\",\"@id\":\"https:\/\/segafredo.es\/en\/product\/cha-breakfast\/#primaryimage\",\"url\":\"https:\/\/segafredo.es\/wp-content\/uploads\/2024\/08\/breakfast2.png\",\"contentUrl\":\"https:\/\/segafredo.es\/wp-content\/uploads\/2024\/08\/breakfast2.png\",\"width\":1100,\"height\":1422},{\"@type\":\"BreadcrumbList\",\"@id\":\"https:\/\/segafredo.es\/en\/product\/cha-breakfast\/#breadcrumb\",\"itemListElement\":[{\"@type\":\"ListItem\",\"position\":1,\"name\":\"Home\",\"item\":\"https:\/\/segafredo.es\/en\/\"},{\"@type\":\"ListItem\",\"position\":2,\"name\":\"Produtos\",\"item\":\"https:\/\/segafredo.es\/en\/produtos\/\"},{\"@type\":\"ListItem\",\"position\":3,\"name\":\"T\u00e9 Breakfast\"}]},{\"@type\":\"WebSite\",\"@id\":\"https:\/\/segafredo.es\/en\/#website\",\"url\":\"https:\/\/segafredo.es\/en\/\",\"name\":\"Segafredo\",\"description\":\"\",\"publisher\":{\"@id\":\"https:\/\/segafredo.es\/en\/#organization\"},\"potentialAction\":[{\"@type\":\"SearchAction\",\"target\":{\"@type\":\"EntryPoint\",\"urlTemplate\":\"https:\/\/segafredo.es\/en\/?s={search_term_string}\"},\"query-input\":{\"@type\":\"PropertyValueSpecification\",\"valueRequired\":true,\"valueName\":\"search_term_string\"}}],\"inLanguage\":\"en-GB\"},{\"@type\":\"Organization\",\"@id\":\"https:\/\/segafredo.es\/en\/#organization\",\"name\":\"Segafredo\",\"url\":\"https:\/\/segafredo.es\/en\/\",\"logo\":{\"@type\":\"ImageObject\",\"inLanguage\":\"en-GB\",\"@id\":\"https:\/\/segafredo.es\/en\/#\/schema\/logo\/image\/\",\"url\":\"https:\/\/segafredo.es\/wp-content\/uploads\/2024\/05\/loudzap-logo-1603185532.png\",\"contentUrl\":\"https:\/\/segafredo.es\/wp-content\/uploads\/2024\/05\/loudzap-logo-1603185532.png\",\"width\":340,\"height\":176,\"caption\":\"Segafredo\"},\"image\":{\"@id\":\"https:\/\/segafredo.es\/en\/#\/schema\/logo\/image\/\"}}]}<\/script>\n<!-- \/ Yoast SEO plugin. -->","yoast_head_json":{"title":"T\u00e9 Breakfast - Segafredo","robots":{"index":"index","follow":"follow","max-snippet":"max-snippet:-1","max-image-preview":"max-image-preview:large","max-video-preview":"max-video-preview:-1"},"canonical":"https:\/\/segafredo.es\/en\/product\/cha-breakfast\/","og_locale":"en_GB","og_type":"article","og_title":"T\u00e9 Breakfast - Segafredo","og_description":"Brodies mezcl\u00f3 por primera vez un t\u00e9 para el desayuno hace 140 a\u00f1os, y hoy en d\u00eda se combinan t\u00e9s negros de alta calidad de Assam y Kenia para producir una mezcla cl\u00e1sica para el desayuno. Brillante, en\u00e9rgico y lleno de sabor a malta para vigorizar las papilas gustativas a primera hora de la ma\u00f1ana. Indispensable para empezar el d\u00eda civilizadamente.","og_url":"https:\/\/segafredo.es\/en\/product\/cha-breakfast\/","og_site_name":"Segafredo","article_modified_time":"2025-02-14T16:29:42+00:00","og_image":[{"width":1100,"height":1422,"url":"https:\/\/segafredo.es\/wp-content\/uploads\/2024\/08\/breakfast2.png","type":"image\/png"}],"twitter_card":"summary_large_image","schema":{"@context":"https:\/\/schema.org","@graph":[{"@type":"WebPage","@id":"https:\/\/segafredo.es\/en\/product\/cha-breakfast\/","url":"https:\/\/segafredo.es\/en\/product\/cha-breakfast\/","name":"T\u00e9 Breakfast - Segafredo","isPartOf":{"@id":"https:\/\/segafredo.es\/en\/#website"},"primaryImageOfPage":{"@id":"https:\/\/segafredo.es\/en\/product\/cha-breakfast\/#primaryimage"},"image":{"@id":"https:\/\/segafredo.es\/en\/product\/cha-breakfast\/#primaryimage"},"thumbnailUrl":"https:\/\/segafredo.es\/wp-content\/uploads\/2024\/08\/breakfast2.png","datePublished":"2024-08-05T19:32:53+00:00","dateModified":"2025-02-14T16:29:42+00:00","breadcrumb":{"@id":"https:\/\/segafredo.es\/en\/product\/cha-breakfast\/#breadcrumb"},"inLanguage":"en-GB","potentialAction":[{"@type":"ReadAction","target":["https:\/\/segafredo.es\/en\/product\/cha-breakfast\/"]}]},{"@type":"ImageObject","inLanguage":"en-GB","@id":"https:\/\/segafredo.es\/en\/product\/cha-breakfast\/#primaryimage","url":"https:\/\/segafredo.es\/wp-content\/uploads\/2024\/08\/breakfast2.png","contentUrl":"https:\/\/segafredo.es\/wp-content\/uploads\/2024\/08\/breakfast2.png","width":1100,"height":1422},{"@type":"BreadcrumbList","@id":"https:\/\/segafredo.es\/en\/product\/cha-breakfast\/#breadcrumb","itemListElement":[{"@type":"ListItem","position":1,"name":"Home","item":"https:\/\/segafredo.es\/en\/"},{"@type":"ListItem","position":2,"name":"Produtos","item":"https:\/\/segafredo.es\/en\/produtos\/"},{"@type":"ListItem","position":3,"name":"T\u00e9 Breakfast"}]},{"@type":"WebSite","@id":"https:\/\/segafredo.es\/en\/#website","url":"https:\/\/segafredo.es\/en\/","name":"Segafredo","description":"","publisher":{"@id":"https:\/\/segafredo.es\/en\/#organization"},"potentialAction":[{"@type":"SearchAction","target":{"@type":"EntryPoint","urlTemplate":"https:\/\/segafredo.es\/en\/?s={search_term_string}"},"query-input":{"@type":"PropertyValueSpecification","valueRequired":true,"valueName":"search_term_string"}}],"inLanguage":"en-GB"},{"@type":"Organization","@id":"https:\/\/segafredo.es\/en\/#organization","name":"Segafredo","url":"https:\/\/segafredo.es\/en\/","logo":{"@type":"ImageObject","inLanguage":"en-GB","@id":"https:\/\/segafredo.es\/en\/#\/schema\/logo\/image\/","url":"https:\/\/segafredo.es\/wp-content\/uploads\/2024\/05\/loudzap-logo-1603185532.png","contentUrl":"https:\/\/segafredo.es\/wp-content\/uploads\/2024\/05\/loudzap-logo-1603185532.png","width":340,"height":176,"caption":"Segafredo"},"image":{"@id":"https:\/\/segafredo.es\/en\/#\/schema\/logo\/image\/"}}]}},"_links":{"self":[{"href":"https:\/\/segafredo.es\/en\/wp-json\/wp\/v2\/product\/826","targetHints":{"allow":["GET"]}}],"collection":[{"href":"https:\/\/segafredo.es\/en\/wp-json\/wp\/v2\/product"}],"about":[{"href":"https:\/\/segafredo.es\/en\/wp-json\/wp\/v2\/types\/product"}],"wp:featuredmedia":[{"embeddable":true,"href":"https:\/\/segafredo.es\/en\/wp-json\/wp\/v2\/media\/770"}],"wp:attachment":[{"href":"https:\/\/segafredo.es\/en\/wp-json\/wp\/v2\/media?parent=826"}],"wp:term":[{"taxonomy":"product_brand","embeddable":true,"href":"https:\/\/segafredo.es\/en\/wp-json\/wp\/v2\/product_brand?post=826"},{"taxonomy":"product_cat","embeddable":true,"href":"https:\/\/segafredo.es\/en\/wp-json\/wp\/v2\/product_cat?post=826"},{"taxonomy":"product_tag","embeddable":true,"href":"https:\/\/segafredo.es\/en\/wp-json\/wp\/v2\/product_tag?post=826"}],"curies":[{"name":"wp","href":"https:\/\/api.w.org\/{rel}","templated":true}]}}